{"id":153,"date":"2025-11-05T16:11:35","date_gmt":"2025-11-05T16:11:35","guid":{"rendered":"https:\/\/villacesaretti.com\/durabilite\/"},"modified":"2025-12-23T09:56:13","modified_gmt":"2025-12-23T09:56:13","slug":"durabilite","status":"publish","type":"page","link":"https:\/\/villacesaretti.com\/fr\/durabilite\/","title":{"rendered":"Durabilit\u00e9"},"content":{"rendered":"\t\t<div data-elementor-type=\"wp-page\" data-elementor-id=\"153\" class=\"elementor elementor-153 elementor-58\" data-elementor-post-type=\"page\">\n\t\t\t\t<div class=\"elementor-element elementor-element-26084dac e-flex e-con-boxed e-con e-parent\" data-id=\"26084dac\" data-element_type=\"container\" data-settings=\"{&quot;background_background&quot;:&quot;classic&quot;}\">\n\t\t\t\t\t<div class=\"e-con-inner\">\n\t\t\t\t\t<\/div>\n\t\t\t\t<\/div>\n\t\t<div class=\"elementor-element elementor-element-4a353461 e-flex e-con-boxed e-con e-parent\" data-id=\"4a353461\" data-element_type=\"container\">\n\t\t\t\t\t<div class=\"e-con-inner\">\n\t\t\t\t<div class=\"elementor-element elementor-element-547eb4df elementor-widget elementor-widget-heading\" data-id=\"547eb4df\" data-element_type=\"widget\" data-widget_type=\"heading.default\">\n\t\t\t\t\t<h1 class=\"elementor-heading-title elementor-size-default\">Durabilit\u00e9<\/h1>\t\t\t\t<\/div>\n\t\t\t\t<div class=\"elementor-element elementor-element-6ab82088 elementor-widget elementor-widget-heading\" data-id=\"6ab82088\" data-element_type=\"widget\" data-widget_type=\"heading.default\">\n\t\t\t\t\t<h1 class=\"elementor-heading-title elementor-size-default\">Un syst\u00e8me agricole en harmonie avec la nature<\/h1>\t\t\t\t<\/div>\n\t\t\t\t<div class=\"elementor-element elementor-element-44bcd33b elementor-widget elementor-widget-text-editor\" data-id=\"44bcd33b\" data-element_type=\"widget\" data-widget_type=\"text-editor.default\">\n\t\t\t\t\t\t\t\t\t<p data-start=\"311\" data-end=\"598\">\u00c0 l&rsquo;Azienda Agricola Cesaretti, la durabilit\u00e9 n&rsquo;est pas seulement un choix, mais un principe qui guide chaque activit\u00e9, des soins des oliviers \u00e0 la production d&rsquo;huile.<br data-start=\"473\" data-end=\"476\">Chaque phase du travail na\u00eet du respect pour la terre, pour les personnes et pour l&rsquo;histoire s\u00e9culaire que ce lieu pr\u00e9serve.<\/p>\n<h3 data-start=\"600\" data-end=\"631\">\u00c9quilibre avec la nature<\/h3>\n<p data-start=\"632\" data-end=\"1215\">L&rsquo;exploitation se situe sur les douces collines de San Colombano, un territoire naturellement propice \u00e0 l&rsquo;ol\u00e9iculture.<br data-start=\"740\" data-end=\"743\">Ici, entre 50 et 100 m\u00e8tres d&rsquo;altitude, le terrain s&rsquo;incline doucement et permet une culture durable, sans n\u00e9cessit\u00e9 de terrasses ou d&rsquo;interventions invasives.<br data-start=\"913\" data-end=\"916\">L&rsquo;eau provient d&rsquo;une <strong data-start=\"940\" data-end=\"969\">source naturelle p\u00e9renne<\/strong>, qui alimente un ancien aqueduc souterrain et un grand bassin en ma\u00e7onnerie d&rsquo;une capacit\u00e9 de plus de <strong data-start=\"1074\" data-end=\"1091\">400 000 litres<\/strong>.<br data-start=\"1092\" data-end=\"1095\">Ce syst\u00e8me permet d&rsquo;irriguer les oliviers de mani\u00e8re \u00e9quilibr\u00e9e, en pr\u00e9servant les ressources hydriques et l&rsquo;\u00e9cosyst\u00e8me local.<\/p>\n<h3 data-start=\"1217\" data-end=\"1246\">Innovation et respect<\/h3>\n<p data-start=\"1247\" data-end=\"1779\">Tradition et technologie coexistent harmonieusement : l&rsquo;exploitation est \u00e9quip\u00e9e de <strong data-start=\"1319\" data-end=\"1355\">machines de derni\u00e8re g\u00e9n\u00e9ration<\/strong> pour la taille et la r\u00e9colte, qui r\u00e9duisent l&rsquo;impact environnemental et am\u00e9liorent la s\u00e9curit\u00e9 des travailleurs.<br data-start=\"1462\" data-end=\"1465\">Les t\u00eates de r\u00e9colte et les vibreurs m\u00e9caniques permettent de r\u00e9colter les olives sans endommager les arbres, garantissant un processus plus rapide et pr\u00e9cis.<br data-start=\"1625\" data-end=\"1628\">La r\u00e9colte a lieu <strong data-start=\"1648\" data-end=\"1690\">chaque jour pendant la p\u00e9riode de maturation<\/strong>, et les olives sont press\u00e9es dans les heures qui suivent pour pr\u00e9server leur fra\u00eecheur, leur parfum et leur qualit\u00e9.<\/p>\n<h3 data-start=\"1781\" data-end=\"1807\">Qualit\u00e9 et s\u00e9curit\u00e9<\/h3>\n<p data-start=\"1808\" data-end=\"2232\">L&rsquo;huile Cesaretti na\u00eet d&rsquo;une fili\u00e8re contr\u00f4l\u00e9e dans les moindres d\u00e9tails : de la taille \u00e0 la r\u00e9colte, du pressage au stockage dans des <strong data-start=\"1943\" data-end=\"1990\">conteneurs en acier inoxydable<\/strong>, qui pr\u00e9servent intactes les propri\u00e9t\u00e9s organoleptiques.<br data-start=\"2043\" data-end=\"2046\">Chaque op\u00e9ration est men\u00e9e en pr\u00eatant attention \u00e0 la <strong data-start=\"2097\" data-end=\"2121\">s\u00e9curit\u00e9 au travail<\/strong> et au <strong data-start=\"2127\" data-end=\"2153\">respect de l&rsquo;environnement<\/strong>, en r\u00e9duisant au minimum les d\u00e9chets et en privil\u00e9giant des m\u00e9thodes m\u00e9caniques durables.<\/p>\n<h3 data-start=\"2234\" data-end=\"2260\">Un engagement continu<\/h3>\n<p data-start=\"2261\" data-end=\"2553\">L&rsquo;avenir de l&rsquo;exploitation est orient\u00e9 vers une croissance responsable : nouvelles plantations, innovation agronomique et pratiques toujours plus \u00e9cologiques pour garantir une huile d&rsquo;olive extra vierge qui soit non seulement bonne, mais aussi juste.<br data-start=\"2472\" data-end=\"2475\">Car la v\u00e9ritable excellence na\u00eet de l&rsquo;\u00e9quilibre entre l&rsquo;homme, la nature et la tradition.<\/p>\t\t\t\t\t\t\t\t<\/div>\n\t\t\t\t\t<\/div>\n\t\t\t\t<\/div>\n\t\t\t\t<\/div>\n\t\t","protected":false},"excerpt":{"rendered":"<p>Durabilit\u00e9 Un syst\u00e8me agricole en harmonie avec la nature \u00c0 l&rsquo;Azienda Agricola Cesaretti, la durabilit\u00e9 n&rsquo;est pas seulement un choix, mais un principe qui guide chaque activit\u00e9, des soins des oliviers \u00e0 la production d&rsquo;huile.Chaque phase du travail na\u00eet du respect pour la terre, pour les personnes et pour l&rsquo;histoire s\u00e9culaire que ce lieu pr\u00e9serve. [&hellip;]<\/p>\n","protected":false},"author":1,"featured_media":0,"parent":0,"menu_order":0,"comment_status":"closed","ping_status":"closed","template":"elementor_header_footer","meta":{"footnotes":""},"class_list":["post-153","page","type-page","status-publish","hentry"],"yoast_head":"<!-- This site is optimized with the Yoast SEO plugin v26.6 - https:\/\/yoast.com\/wordpress\/plugins\/seo\/ -->\n<title>Durabilit\u00e9 - Azienda Agricola Cesaretti<\/title>\n<meta name=\"robots\" content=\"index, follow, max-snippet:-1, max-image-preview:large, max-video-preview:-1\" \/>\n<link rel=\"canonical\" href=\"https:\/\/villacesaretti.com\/fr\/durabilite\/\" \/>\n<meta property=\"og:locale\" content=\"fr_FR\" \/>\n<meta property=\"og:type\" content=\"article\" \/>\n<meta property=\"og:title\" content=\"Durabilit\u00e9 - Azienda Agricola Cesaretti\" \/>\n<meta property=\"og:description\" content=\"Durabilit\u00e9 Un syst\u00e8me agricole en harmonie avec la nature \u00c0 l&rsquo;Azienda Agricola Cesaretti, la durabilit\u00e9 n&rsquo;est pas seulement un choix, mais un principe qui guide chaque activit\u00e9, des soins des oliviers \u00e0 la production d&rsquo;huile.Chaque phase du travail na\u00eet du respect pour la terre, pour les personnes et pour l&rsquo;histoire s\u00e9culaire que ce lieu pr\u00e9serve. [&hellip;]\" \/>\n<meta property=\"og:url\" content=\"https:\/\/villacesaretti.com\/fr\/durabilite\/\" \/>\n<meta property=\"og:site_name\" content=\"Azienda Agricola Cesaretti\" \/>\n<meta property=\"article:modified_time\" content=\"2025-12-23T09:56:13+00:00\" \/>\n<meta name=\"twitter:card\" content=\"summary_large_image\" \/>\n<meta name=\"twitter:label1\" content=\"Dur\u00e9e de lecture estim\u00e9e\" \/>\n\t<meta name=\"twitter:data1\" content=\"2 minutes\" \/>\n<script type=\"application\/ld+json\" class=\"yoast-schema-graph\">{\"@context\":\"https:\/\/schema.org\",\"@graph\":[{\"@type\":\"WebPage\",\"@id\":\"https:\/\/villacesaretti.com\/fr\/durabilite\/\",\"url\":\"https:\/\/villacesaretti.com\/fr\/durabilite\/\",\"name\":\"Durabilit\u00e9 - Azienda Agricola Cesaretti\",\"isPartOf\":{\"@id\":\"https:\/\/villacesaretti.com\/fr\/#website\"},\"datePublished\":\"2025-11-05T16:11:35+00:00\",\"dateModified\":\"2025-12-23T09:56:13+00:00\",\"breadcrumb\":{\"@id\":\"https:\/\/villacesaretti.com\/fr\/durabilite\/#breadcrumb\"},\"inLanguage\":\"fr-FR\",\"potentialAction\":[{\"@type\":\"ReadAction\",\"target\":[\"https:\/\/villacesaretti.com\/fr\/durabilite\/\"]}]},{\"@type\":\"BreadcrumbList\",\"@id\":\"https:\/\/villacesaretti.com\/fr\/durabilite\/#breadcrumb\",\"itemListElement\":[{\"@type\":\"ListItem\",\"position\":1,\"name\":\"Home\",\"item\":\"https:\/\/villacesaretti.com\/fr\/villa-cesaretti\/\"},{\"@type\":\"ListItem\",\"position\":2,\"name\":\"Durabilit\u00e9\"}]},{\"@type\":\"WebSite\",\"@id\":\"https:\/\/villacesaretti.com\/fr\/#website\",\"url\":\"https:\/\/villacesaretti.com\/fr\/\",\"name\":\"Azienda Agricola Cesaretti\",\"description\":\"Tradizione e Olio di Eccellenza a Lucca\",\"publisher\":{\"@id\":\"https:\/\/villacesaretti.com\/fr\/#organization\"},\"potentialAction\":[{\"@type\":\"SearchAction\",\"target\":{\"@type\":\"EntryPoint\",\"urlTemplate\":\"https:\/\/villacesaretti.com\/fr\/?s={search_term_string}\"},\"query-input\":{\"@type\":\"PropertyValueSpecification\",\"valueRequired\":true,\"valueName\":\"search_term_string\"}}],\"inLanguage\":\"fr-FR\"},{\"@type\":\"Organization\",\"@id\":\"https:\/\/villacesaretti.com\/fr\/#organization\",\"name\":\"Azienda Agricola Cesaretti\",\"url\":\"https:\/\/villacesaretti.com\/fr\/\",\"logo\":{\"@type\":\"ImageObject\",\"inLanguage\":\"fr-FR\",\"@id\":\"https:\/\/villacesaretti.com\/fr\/#\/schema\/logo\/image\/\",\"url\":\"https:\/\/villacesaretti.com\/wp-content\/uploads\/2025\/11\/logo-cesaretti.png\",\"contentUrl\":\"https:\/\/villacesaretti.com\/wp-content\/uploads\/2025\/11\/logo-cesaretti.png\",\"width\":820,\"height\":154,\"caption\":\"Azienda Agricola Cesaretti\"},\"image\":{\"@id\":\"https:\/\/villacesaretti.com\/fr\/#\/schema\/logo\/image\/\"}}]}<\/script>\n<!-- \/ Yoast SEO plugin. -->","yoast_head_json":{"title":"Durabilit\u00e9 - Azienda Agricola Cesaretti","robots":{"index":"index","follow":"follow","max-snippet":"max-snippet:-1","max-image-preview":"max-image-preview:large","max-video-preview":"max-video-preview:-1"},"canonical":"https:\/\/villacesaretti.com\/fr\/durabilite\/","og_locale":"fr_FR","og_type":"article","og_title":"Durabilit\u00e9 - Azienda Agricola Cesaretti","og_description":"Durabilit\u00e9 Un syst\u00e8me agricole en harmonie avec la nature \u00c0 l&rsquo;Azienda Agricola Cesaretti, la durabilit\u00e9 n&rsquo;est pas seulement un choix, mais un principe qui guide chaque activit\u00e9, des soins des oliviers \u00e0 la production d&rsquo;huile.Chaque phase du travail na\u00eet du respect pour la terre, pour les personnes et pour l&rsquo;histoire s\u00e9culaire que ce lieu pr\u00e9serve. [&hellip;]","og_url":"https:\/\/villacesaretti.com\/fr\/durabilite\/","og_site_name":"Azienda Agricola Cesaretti","article_modified_time":"2025-12-23T09:56:13+00:00","twitter_card":"summary_large_image","twitter_misc":{"Dur\u00e9e de lecture estim\u00e9e":"2 minutes"},"schema":{"@context":"https:\/\/schema.org","@graph":[{"@type":"WebPage","@id":"https:\/\/villacesaretti.com\/fr\/durabilite\/","url":"https:\/\/villacesaretti.com\/fr\/durabilite\/","name":"Durabilit\u00e9 - Azienda Agricola Cesaretti","isPartOf":{"@id":"https:\/\/villacesaretti.com\/fr\/#website"},"datePublished":"2025-11-05T16:11:35+00:00","dateModified":"2025-12-23T09:56:13+00:00","breadcrumb":{"@id":"https:\/\/villacesaretti.com\/fr\/durabilite\/#breadcrumb"},"inLanguage":"fr-FR","potentialAction":[{"@type":"ReadAction","target":["https:\/\/villacesaretti.com\/fr\/durabilite\/"]}]},{"@type":"BreadcrumbList","@id":"https:\/\/villacesaretti.com\/fr\/durabilite\/#breadcrumb","itemListElement":[{"@type":"ListItem","position":1,"name":"Home","item":"https:\/\/villacesaretti.com\/fr\/villa-cesaretti\/"},{"@type":"ListItem","position":2,"name":"Durabilit\u00e9"}]},{"@type":"WebSite","@id":"https:\/\/villacesaretti.com\/fr\/#website","url":"https:\/\/villacesaretti.com\/fr\/","name":"Azienda Agricola Cesaretti","description":"Tradizione e Olio di Eccellenza a Lucca","publisher":{"@id":"https:\/\/villacesaretti.com\/fr\/#organization"},"potentialAction":[{"@type":"SearchAction","target":{"@type":"EntryPoint","urlTemplate":"https:\/\/villacesaretti.com\/fr\/?s={search_term_string}"},"query-input":{"@type":"PropertyValueSpecification","valueRequired":true,"valueName":"search_term_string"}}],"inLanguage":"fr-FR"},{"@type":"Organization","@id":"https:\/\/villacesaretti.com\/fr\/#organization","name":"Azienda Agricola Cesaretti","url":"https:\/\/villacesaretti.com\/fr\/","logo":{"@type":"ImageObject","inLanguage":"fr-FR","@id":"https:\/\/villacesaretti.com\/fr\/#\/schema\/logo\/image\/","url":"https:\/\/villacesaretti.com\/wp-content\/uploads\/2025\/11\/logo-cesaretti.png","contentUrl":"https:\/\/villacesaretti.com\/wp-content\/uploads\/2025\/11\/logo-cesaretti.png","width":820,"height":154,"caption":"Azienda Agricola Cesaretti"},"image":{"@id":"https:\/\/villacesaretti.com\/fr\/#\/schema\/logo\/image\/"}}]}},"_hostinger_reach_plugin_has_subscription_block":false,"_hostinger_reach_plugin_is_elementor":false,"_links":{"self":[{"href":"https:\/\/villacesaretti.com\/fr\/wp-json\/wp\/v2\/pages\/153","targetHints":{"allow":["GET"]}}],"collection":[{"href":"https:\/\/villacesaretti.com\/fr\/wp-json\/wp\/v2\/pages"}],"about":[{"href":"https:\/\/villacesaretti.com\/fr\/wp-json\/wp\/v2\/types\/page"}],"author":[{"embeddable":true,"href":"https:\/\/villacesaretti.com\/fr\/wp-json\/wp\/v2\/users\/1"}],"replies":[{"embeddable":true,"href":"https:\/\/villacesaretti.com\/fr\/wp-json\/wp\/v2\/comments?post=153"}],"version-history":[{"count":2,"href":"https:\/\/villacesaretti.com\/fr\/wp-json\/wp\/v2\/pages\/153\/revisions"}],"predecessor-version":[{"id":156,"href":"https:\/\/villacesaretti.com\/fr\/wp-json\/wp\/v2\/pages\/153\/revisions\/156"}],"wp:attachment":[{"href":"https:\/\/villacesaretti.com\/fr\/wp-json\/wp\/v2\/media?parent=153"}],"curies":[{"name":"wp","href":"https:\/\/api.w.org\/{rel}","templated":true}]}}