{"id":157,"date":"2025-11-05T16:00:19","date_gmt":"2025-11-05T16:00:19","guid":{"rendered":"https:\/\/villacesaretti.com\/qui-sommes-nous\/"},"modified":"2025-12-23T09:58:19","modified_gmt":"2025-12-23T09:58:19","slug":"qui-sommes-nous","status":"publish","type":"page","link":"https:\/\/villacesaretti.com\/fr\/qui-sommes-nous\/","title":{"rendered":"Qui sommes-nous"},"content":{"rendered":"\t\t<div data-elementor-type=\"wp-page\" data-elementor-id=\"157\" class=\"elementor elementor-157 elementor-23\" data-elementor-post-type=\"page\">\n\t\t\t\t<div class=\"elementor-element elementor-element-75be8dc e-flex e-con-boxed e-con e-parent\" data-id=\"75be8dc\" data-element_type=\"container\" data-settings=\"{&quot;background_background&quot;:&quot;classic&quot;}\">\n\t\t\t\t\t<div class=\"e-con-inner\">\n\t\t\t\t\t<\/div>\n\t\t\t\t<\/div>\n\t\t<div class=\"elementor-element elementor-element-7c8c37c e-flex e-con-boxed e-con e-parent\" data-id=\"7c8c37c\" data-element_type=\"container\">\n\t\t\t\t\t<div class=\"e-con-inner\">\n\t\t\t\t<div class=\"elementor-element elementor-element-2bb5c42 elementor-widget elementor-widget-heading\" data-id=\"2bb5c42\" data-element_type=\"widget\" data-widget_type=\"heading.default\">\n\t\t\t\t\t<h1 class=\"elementor-heading-title elementor-size-default\">Qui sommes-nous<\/h1>\t\t\t\t<\/div>\n\t\t\t\t<div class=\"elementor-element elementor-element-77428d8 elementor-widget elementor-widget-heading\" data-id=\"77428d8\" data-element_type=\"widget\" data-widget_type=\"heading.default\">\n\t\t\t\t\t<h2 class=\"elementor-heading-title elementor-size-default\">Nos racines, notre passion<\/h2>\t\t\t\t<\/div>\n\t\t\t\t\t<\/div>\n\t\t\t\t<\/div>\n\t\t<div class=\"elementor-element elementor-element-74eee55 e-flex e-con-boxed e-con e-parent\" data-id=\"74eee55\" data-element_type=\"container\">\n\t\t\t\t\t<div class=\"e-con-inner\">\n\t\t<div class=\"elementor-element elementor-element-f9d1bd3 e-con-full e-flex e-con e-child\" data-id=\"f9d1bd3\" data-element_type=\"container\">\n\t\t\t\t<div class=\"elementor-element elementor-element-1802d9c elementor-widget elementor-widget-text-editor\" data-id=\"1802d9c\" data-element_type=\"widget\" data-widget_type=\"text-editor.default\">\n\t\t\t\t\t\t\t\t\t<p data-start=\"2467\" data-end=\"2779\">L&rsquo;exploitation agricole Cesaretti est situ\u00e9e \u00e0 San Colombano, sur les douces collines de Capannori (Lucca). Le domaine s&rsquo;\u00e9tend sur 34 hectares autour de la Villa Cesaretti, une demeure historique datant du XVIe si\u00e8cle. C&rsquo;est ici, parmi les oliviers centenaires et les jeunes plantations, que na\u00eet une huile alliant tradition, exp\u00e9rience et innovation.<\/p>\n<p data-start=\"2781\" data-end=\"3060\"><strong data-start=\"2781\" data-end=\"2807\">Un h\u00e9ritage familial<\/strong><br data-start=\"2807\" data-end=\"2810\">Depuis des g\u00e9n\u00e9rations, la famille Cesaretti se consacre avec soin \u00e0 la culture de l&rsquo;olivier.<br data-start=\"2896\" data-end=\"2899\">Aujourd&rsquo;hui, l&rsquo;exploitation est dirig\u00e9e par <strong data-start=\"2927\" data-end=\"2952\">Giovanfelice Cesaretti<\/strong>, qui a r\u00e9nov\u00e9 et \u00e9tendu les oliveraies, en plantant plus de 2 000 nouveaux arbres et en restaurant des oliviers centenaires.<\/p>\n<p data-start=\"3062\" data-end=\"3092\"><strong data-start=\"3062\" data-end=\"3090\">Certifications et qualit\u00e9<\/strong><\/p>\n<ul data-start=\"3093\" data-end=\"3196\">\n<li data-start=\"3093\" data-end=\"3126\">\n<p data-start=\"3095\" data-end=\"3126\">Inscription \u00e0 la CCAA de Lucca<\/p>\n<\/li>\n<li data-start=\"3127\" data-end=\"3165\">\n<p data-start=\"3129\" data-end=\"3165\">Membre de Confagricoltura et APOT<\/p>\n<\/li>\n<li data-start=\"3166\" data-end=\"3196\">\n<p data-start=\"3168\" data-end=\"3196\">Huile certifi\u00e9e IGP Toscane<\/p>\n<\/li>\n<\/ul>\t\t\t\t\t\t\t\t<\/div>\n\t\t\t\t<\/div>\n\t\t<div class=\"elementor-element elementor-element-63de1bd e-con-full e-flex e-con e-child\" data-id=\"63de1bd\" data-element_type=\"container\">\n\t\t\t\t<div class=\"elementor-element elementor-element-37eb78b elementor-widget elementor-widget-image\" data-id=\"37eb78b\" data-element_type=\"widget\" data-widget_type=\"image.default\">\n\t\t\t\t\t\t\t\t\t\t\t\t\t\t\t<img fetchpriority=\"high\" decoding=\"async\" width=\"276\" height=\"186\" src=\"https:\/\/villacesaretti.com\/wp-content\/uploads\/2025\/11\/cesaretti-stilizzata.jpg\" class=\"attachment-full size-full wp-image-158\" alt=\"\" \/>\t\t\t\t\t\t\t\t\t\t\t\t\t\t\t<\/div>\n\t\t\t\t<\/div>\n\t\t\t\t\t<\/div>\n\t\t\t\t<\/div>\n\t\t\t\t<\/div>\n\t\t","protected":false},"excerpt":{"rendered":"<p>Qui sommes-nous Nos racines, notre passion L&rsquo;exploitation agricole Cesaretti est situ\u00e9e \u00e0 San Colombano, sur les douces collines de Capannori (Lucca). Le domaine s&rsquo;\u00e9tend sur 34 hectares autour de la Villa Cesaretti, une demeure historique datant du XVIe si\u00e8cle. C&rsquo;est ici, parmi les oliviers centenaires et les jeunes plantations, que na\u00eet une huile alliant tradition, [&hellip;]<\/p>\n","protected":false},"author":1,"featured_media":0,"parent":0,"menu_order":0,"comment_status":"closed","ping_status":"closed","template":"elementor_header_footer","meta":{"footnotes":""},"class_list":["post-157","page","type-page","status-publish","hentry"],"yoast_head":"<!-- This site is optimized with the Yoast SEO plugin v26.6 - https:\/\/yoast.com\/wordpress\/plugins\/seo\/ -->\n<title>Qui sommes-nous - Azienda Agricola Cesaretti<\/title>\n<meta name=\"robots\" content=\"index, follow, max-snippet:-1, max-image-preview:large, max-video-preview:-1\" \/>\n<link rel=\"canonical\" href=\"https:\/\/villacesaretti.com\/fr\/qui-sommes-nous\/\" \/>\n<meta property=\"og:locale\" content=\"fr_FR\" \/>\n<meta property=\"og:type\" content=\"article\" \/>\n<meta property=\"og:title\" content=\"Qui sommes-nous - Azienda Agricola Cesaretti\" \/>\n<meta property=\"og:description\" content=\"Qui sommes-nous Nos racines, notre passion L&rsquo;exploitation agricole Cesaretti est situ\u00e9e \u00e0 San Colombano, sur les douces collines de Capannori (Lucca). Le domaine s&rsquo;\u00e9tend sur 34 hectares autour de la Villa Cesaretti, une demeure historique datant du XVIe si\u00e8cle. C&rsquo;est ici, parmi les oliviers centenaires et les jeunes plantations, que na\u00eet une huile alliant tradition, [&hellip;]\" \/>\n<meta property=\"og:url\" content=\"https:\/\/villacesaretti.com\/fr\/qui-sommes-nous\/\" \/>\n<meta property=\"og:site_name\" content=\"Azienda Agricola Cesaretti\" \/>\n<meta property=\"article:modified_time\" content=\"2025-12-23T09:58:19+00:00\" \/>\n<meta property=\"og:image\" content=\"https:\/\/villacesaretti.com\/wp-content\/uploads\/2025\/11\/cesaretti-stilizzata.jpg\" \/>\n\t<meta property=\"og:image:width\" content=\"276\" \/>\n\t<meta property=\"og:image:height\" content=\"186\" \/>\n\t<meta property=\"og:image:type\" content=\"image\/jpeg\" \/>\n<meta name=\"twitter:card\" content=\"summary_large_image\" \/>\n<meta name=\"twitter:label1\" content=\"Dur\u00e9e de lecture estim\u00e9e\" \/>\n\t<meta name=\"twitter:data1\" content=\"1 minute\" \/>\n<script type=\"application\/ld+json\" class=\"yoast-schema-graph\">{\"@context\":\"https:\/\/schema.org\",\"@graph\":[{\"@type\":\"WebPage\",\"@id\":\"https:\/\/villacesaretti.com\/fr\/qui-sommes-nous\/\",\"url\":\"https:\/\/villacesaretti.com\/fr\/qui-sommes-nous\/\",\"name\":\"Qui sommes-nous - Azienda Agricola Cesaretti\",\"isPartOf\":{\"@id\":\"https:\/\/villacesaretti.com\/fr\/#website\"},\"primaryImageOfPage\":{\"@id\":\"https:\/\/villacesaretti.com\/fr\/qui-sommes-nous\/#primaryimage\"},\"image\":{\"@id\":\"https:\/\/villacesaretti.com\/fr\/qui-sommes-nous\/#primaryimage\"},\"thumbnailUrl\":\"https:\/\/villacesaretti.com\/wp-content\/uploads\/2025\/11\/cesaretti-stilizzata.jpg\",\"datePublished\":\"2025-11-05T16:00:19+00:00\",\"dateModified\":\"2025-12-23T09:58:19+00:00\",\"breadcrumb\":{\"@id\":\"https:\/\/villacesaretti.com\/fr\/qui-sommes-nous\/#breadcrumb\"},\"inLanguage\":\"fr-FR\",\"potentialAction\":[{\"@type\":\"ReadAction\",\"target\":[\"https:\/\/villacesaretti.com\/fr\/qui-sommes-nous\/\"]}]},{\"@type\":\"ImageObject\",\"inLanguage\":\"fr-FR\",\"@id\":\"https:\/\/villacesaretti.com\/fr\/qui-sommes-nous\/#primaryimage\",\"url\":\"https:\/\/villacesaretti.com\/wp-content\/uploads\/2025\/11\/cesaretti-stilizzata.jpg\",\"contentUrl\":\"https:\/\/villacesaretti.com\/wp-content\/uploads\/2025\/11\/cesaretti-stilizzata.jpg\"},{\"@type\":\"BreadcrumbList\",\"@id\":\"https:\/\/villacesaretti.com\/fr\/qui-sommes-nous\/#breadcrumb\",\"itemListElement\":[{\"@type\":\"ListItem\",\"position\":1,\"name\":\"Home\",\"item\":\"https:\/\/villacesaretti.com\/fr\/villa-cesaretti\/\"},{\"@type\":\"ListItem\",\"position\":2,\"name\":\"Qui sommes-nous\"}]},{\"@type\":\"WebSite\",\"@id\":\"https:\/\/villacesaretti.com\/fr\/#website\",\"url\":\"https:\/\/villacesaretti.com\/fr\/\",\"name\":\"Azienda Agricola Cesaretti\",\"description\":\"Tradizione e Olio di Eccellenza a Lucca\",\"publisher\":{\"@id\":\"https:\/\/villacesaretti.com\/fr\/#organization\"},\"potentialAction\":[{\"@type\":\"SearchAction\",\"target\":{\"@type\":\"EntryPoint\",\"urlTemplate\":\"https:\/\/villacesaretti.com\/fr\/?s={search_term_string}\"},\"query-input\":{\"@type\":\"PropertyValueSpecification\",\"valueRequired\":true,\"valueName\":\"search_term_string\"}}],\"inLanguage\":\"fr-FR\"},{\"@type\":\"Organization\",\"@id\":\"https:\/\/villacesaretti.com\/fr\/#organization\",\"name\":\"Azienda Agricola Cesaretti\",\"url\":\"https:\/\/villacesaretti.com\/fr\/\",\"logo\":{\"@type\":\"ImageObject\",\"inLanguage\":\"fr-FR\",\"@id\":\"https:\/\/villacesaretti.com\/fr\/#\/schema\/logo\/image\/\",\"url\":\"https:\/\/villacesaretti.com\/wp-content\/uploads\/2025\/11\/logo-cesaretti.png\",\"contentUrl\":\"https:\/\/villacesaretti.com\/wp-content\/uploads\/2025\/11\/logo-cesaretti.png\",\"width\":820,\"height\":154,\"caption\":\"Azienda Agricola Cesaretti\"},\"image\":{\"@id\":\"https:\/\/villacesaretti.com\/fr\/#\/schema\/logo\/image\/\"}}]}<\/script>\n<!-- \/ Yoast SEO plugin. -->","yoast_head_json":{"title":"Qui sommes-nous - Azienda Agricola Cesaretti","robots":{"index":"index","follow":"follow","max-snippet":"max-snippet:-1","max-image-preview":"max-image-preview:large","max-video-preview":"max-video-preview:-1"},"canonical":"https:\/\/villacesaretti.com\/fr\/qui-sommes-nous\/","og_locale":"fr_FR","og_type":"article","og_title":"Qui sommes-nous - Azienda Agricola Cesaretti","og_description":"Qui sommes-nous Nos racines, notre passion L&rsquo;exploitation agricole Cesaretti est situ\u00e9e \u00e0 San Colombano, sur les douces collines de Capannori (Lucca). Le domaine s&rsquo;\u00e9tend sur 34 hectares autour de la Villa Cesaretti, une demeure historique datant du XVIe si\u00e8cle. C&rsquo;est ici, parmi les oliviers centenaires et les jeunes plantations, que na\u00eet une huile alliant tradition, [&hellip;]","og_url":"https:\/\/villacesaretti.com\/fr\/qui-sommes-nous\/","og_site_name":"Azienda Agricola Cesaretti","article_modified_time":"2025-12-23T09:58:19+00:00","og_image":[{"width":276,"height":186,"url":"https:\/\/villacesaretti.com\/wp-content\/uploads\/2025\/11\/cesaretti-stilizzata.jpg","type":"image\/jpeg"}],"twitter_card":"summary_large_image","twitter_misc":{"Dur\u00e9e de lecture estim\u00e9e":"1 minute"},"schema":{"@context":"https:\/\/schema.org","@graph":[{"@type":"WebPage","@id":"https:\/\/villacesaretti.com\/fr\/qui-sommes-nous\/","url":"https:\/\/villacesaretti.com\/fr\/qui-sommes-nous\/","name":"Qui sommes-nous - Azienda Agricola Cesaretti","isPartOf":{"@id":"https:\/\/villacesaretti.com\/fr\/#website"},"primaryImageOfPage":{"@id":"https:\/\/villacesaretti.com\/fr\/qui-sommes-nous\/#primaryimage"},"image":{"@id":"https:\/\/villacesaretti.com\/fr\/qui-sommes-nous\/#primaryimage"},"thumbnailUrl":"https:\/\/villacesaretti.com\/wp-content\/uploads\/2025\/11\/cesaretti-stilizzata.jpg","datePublished":"2025-11-05T16:00:19+00:00","dateModified":"2025-12-23T09:58:19+00:00","breadcrumb":{"@id":"https:\/\/villacesaretti.com\/fr\/qui-sommes-nous\/#breadcrumb"},"inLanguage":"fr-FR","potentialAction":[{"@type":"ReadAction","target":["https:\/\/villacesaretti.com\/fr\/qui-sommes-nous\/"]}]},{"@type":"ImageObject","inLanguage":"fr-FR","@id":"https:\/\/villacesaretti.com\/fr\/qui-sommes-nous\/#primaryimage","url":"https:\/\/villacesaretti.com\/wp-content\/uploads\/2025\/11\/cesaretti-stilizzata.jpg","contentUrl":"https:\/\/villacesaretti.com\/wp-content\/uploads\/2025\/11\/cesaretti-stilizzata.jpg"},{"@type":"BreadcrumbList","@id":"https:\/\/villacesaretti.com\/fr\/qui-sommes-nous\/#breadcrumb","itemListElement":[{"@type":"ListItem","position":1,"name":"Home","item":"https:\/\/villacesaretti.com\/fr\/villa-cesaretti\/"},{"@type":"ListItem","position":2,"name":"Qui sommes-nous"}]},{"@type":"WebSite","@id":"https:\/\/villacesaretti.com\/fr\/#website","url":"https:\/\/villacesaretti.com\/fr\/","name":"Azienda Agricola Cesaretti","description":"Tradizione e Olio di Eccellenza a Lucca","publisher":{"@id":"https:\/\/villacesaretti.com\/fr\/#organization"},"potentialAction":[{"@type":"SearchAction","target":{"@type":"EntryPoint","urlTemplate":"https:\/\/villacesaretti.com\/fr\/?s={search_term_string}"},"query-input":{"@type":"PropertyValueSpecification","valueRequired":true,"valueName":"search_term_string"}}],"inLanguage":"fr-FR"},{"@type":"Organization","@id":"https:\/\/villacesaretti.com\/fr\/#organization","name":"Azienda Agricola Cesaretti","url":"https:\/\/villacesaretti.com\/fr\/","logo":{"@type":"ImageObject","inLanguage":"fr-FR","@id":"https:\/\/villacesaretti.com\/fr\/#\/schema\/logo\/image\/","url":"https:\/\/villacesaretti.com\/wp-content\/uploads\/2025\/11\/logo-cesaretti.png","contentUrl":"https:\/\/villacesaretti.com\/wp-content\/uploads\/2025\/11\/logo-cesaretti.png","width":820,"height":154,"caption":"Azienda Agricola Cesaretti"},"image":{"@id":"https:\/\/villacesaretti.com\/fr\/#\/schema\/logo\/image\/"}}]}},"_hostinger_reach_plugin_has_subscription_block":false,"_hostinger_reach_plugin_is_elementor":false,"_links":{"self":[{"href":"https:\/\/villacesaretti.com\/fr\/wp-json\/wp\/v2\/pages\/157","targetHints":{"allow":["GET"]}}],"collection":[{"href":"https:\/\/villacesaretti.com\/fr\/wp-json\/wp\/v2\/pages"}],"about":[{"href":"https:\/\/villacesaretti.com\/fr\/wp-json\/wp\/v2\/types\/page"}],"author":[{"embeddable":true,"href":"https:\/\/villacesaretti.com\/fr\/wp-json\/wp\/v2\/users\/1"}],"replies":[{"embeddable":true,"href":"https:\/\/villacesaretti.com\/fr\/wp-json\/wp\/v2\/comments?post=157"}],"version-history":[{"count":1,"href":"https:\/\/villacesaretti.com\/fr\/wp-json\/wp\/v2\/pages\/157\/revisions"}],"predecessor-version":[{"id":159,"href":"https:\/\/villacesaretti.com\/fr\/wp-json\/wp\/v2\/pages\/157\/revisions\/159"}],"wp:attachment":[{"href":"https:\/\/villacesaretti.com\/fr\/wp-json\/wp\/v2\/media?parent=157"}],"curies":[{"name":"wp","href":"https:\/\/api.w.org\/{rel}","templated":true}]}}