{"id":168,"date":"2025-11-05T16:05:39","date_gmt":"2025-11-05T16:05:39","guid":{"rendered":"https:\/\/villacesaretti.com\/notre-huile\/"},"modified":"2025-12-23T10:27:11","modified_gmt":"2025-12-23T10:27:11","slug":"notre-huile","status":"publish","type":"page","link":"https:\/\/villacesaretti.com\/fr\/notre-huile\/","title":{"rendered":"Notre huile"},"content":{"rendered":"\t\t<div data-elementor-type=\"wp-page\" data-elementor-id=\"168\" class=\"elementor elementor-168 elementor-31\" data-elementor-post-type=\"page\">\n\t\t\t\t<div class=\"elementor-element elementor-element-7e3281b6 e-flex e-con-boxed e-con e-parent\" data-id=\"7e3281b6\" data-element_type=\"container\" data-settings=\"{&quot;background_background&quot;:&quot;classic&quot;}\">\n\t\t\t\t\t<div class=\"e-con-inner\">\n\t\t\t\t\t<\/div>\n\t\t\t\t<\/div>\n\t\t<div class=\"elementor-element elementor-element-97f26cf e-flex e-con-boxed e-con e-parent\" data-id=\"97f26cf\" data-element_type=\"container\">\n\t\t\t\t\t<div class=\"e-con-inner\">\n\t\t\t\t<div class=\"elementor-element elementor-element-3f781071 elementor-widget elementor-widget-heading\" data-id=\"3f781071\" data-element_type=\"widget\" data-widget_type=\"heading.default\">\n\t\t\t\t\t<h1 class=\"elementor-heading-title elementor-size-default\">Notre huile<\/h1>\t\t\t\t<\/div>\n\t\t\t\t<div class=\"elementor-element elementor-element-51ca6231 elementor-widget elementor-widget-heading\" data-id=\"51ca6231\" data-element_type=\"widget\" data-widget_type=\"heading.default\">\n\t\t\t\t\t<h2 class=\"elementor-heading-title elementor-size-default\">De l\u2019arbre \u00e0 la bouteille, un parcours d\u2019excellence<\/h2>\t\t\t\t<\/div>\n\t\t\t\t<div class=\"elementor-element elementor-element-7d85cae elementor-widget elementor-widget-image\" data-id=\"7d85cae\" data-element_type=\"widget\" data-widget_type=\"image.default\">\n\t\t\t\t\t\t\t\t\t\t\t\t\t\t\t<img fetchpriority=\"high\" decoding=\"async\" width=\"800\" height=\"166\" src=\"https:\/\/villacesaretti.com\/wp-content\/uploads\/2025\/11\/olio-scritta.jpg\" class=\"attachment-large size-large wp-image-169\" alt=\"\" srcset=\"https:\/\/villacesaretti.com\/wp-content\/uploads\/2025\/11\/olio-scritta.jpg 1000w, https:\/\/villacesaretti.com\/wp-content\/uploads\/2025\/11\/olio-scritta-300x62.jpg 300w, https:\/\/villacesaretti.com\/wp-content\/uploads\/2025\/11\/olio-scritta-768x160.jpg 768w\" sizes=\"(max-width: 800px) 100vw, 800px\" \/>\t\t\t\t\t\t\t\t\t\t\t\t\t\t\t<\/div>\n\t\t\t\t<div class=\"elementor-element elementor-element-3732c360 elementor-widget elementor-widget-text-editor\" data-id=\"3732c360\" data-element_type=\"widget\" data-widget_type=\"text-editor.default\">\n\t\t\t\t\t\t\t\t\t<p data-start=\"3289\" data-end=\"3470\">L\u2019huile d\u2019olive extra vierge Cesaretti na\u00eet d\u2019une s\u00e9lection rigoureuse des olives et d\u2019un broyage presque imm\u00e9diat apr\u00e8s la r\u00e9colte, effectu\u00e9 chaque soir afin de pr\u00e9server la fra\u00eecheur et les ar\u00f4mes.<\/p><p data-start=\"3472\" data-end=\"3496\"><strong data-start=\"3472\" data-end=\"3494\">Nos cultivars<\/strong><\/p><ul data-start=\"3497\" data-end=\"3651\"><li data-start=\"3497\" data-end=\"3534\"><p data-start=\"3499\" data-end=\"3534\">Frantoio \u2013 aromatique et fruit\u00e9<\/p><\/li><li data-start=\"3535\" data-end=\"3571\"><p data-start=\"3537\" data-end=\"3571\">Leccino \u2013 doux et \u00e9quilibr\u00e9<\/p><\/li><li data-start=\"3572\" data-end=\"3604\"><p data-start=\"3574\" data-end=\"3604\">Maurino \u2013 frais et l\u00e9ger<\/p><\/li><li data-start=\"3605\" data-end=\"3651\"><p data-start=\"3607\" data-end=\"3651\">Leccio del Corno \u2013 intense et persistant<\/p><\/li><\/ul><p data-start=\"3653\" data-end=\"3789\">Les vari\u00e9t\u00e9s sont cultiv\u00e9es aussi bien en culture mixte que sur des parcelles d\u00e9di\u00e9es, afin de permettre \u00e9galement la production d\u2019huiles monocultivar.<\/p><p data-start=\"3791\" data-end=\"3977\">Caract\u00e9ristiques organoleptiques<br data-start=\"3825\" data-end=\"3828\">Couleur verte aux reflets dor\u00e9s, parfum herbac\u00e9 avec des notes d\u2019amande et d\u2019artichaut, go\u00fbt harmonieux avec un \u00e9quilibre naturel entre l\u2019amer et le piquant.<\/p>\t\t\t\t\t\t\t\t<\/div>\n\t\t\t\t\t<\/div>\n\t\t\t\t<\/div>\n\t\t<div class=\"elementor-element elementor-element-d438830 e-flex e-con-boxed e-con e-parent\" data-id=\"d438830\" data-element_type=\"container\">\n\t\t\t\t\t<div class=\"e-con-inner\">\n\t\t\t\t<div class=\"elementor-element elementor-element-2fd666a elementor-widget elementor-widget-gallery\" data-id=\"2fd666a\" data-element_type=\"widget\" data-settings=\"{&quot;gallery_layout&quot;:&quot;masonry&quot;,&quot;columns_mobile&quot;:2,&quot;lazyload&quot;:&quot;yes&quot;,&quot;columns&quot;:4,&quot;columns_tablet&quot;:2,&quot;gap&quot;:{&quot;unit&quot;:&quot;px&quot;,&quot;size&quot;:10,&quot;sizes&quot;:[]},&quot;gap_tablet&quot;:{&quot;unit&quot;:&quot;px&quot;,&quot;size&quot;:10,&quot;sizes&quot;:[]},&quot;gap_mobile&quot;:{&quot;unit&quot;:&quot;px&quot;,&quot;size&quot;:10,&quot;sizes&quot;:[]},&quot;link_to&quot;:&quot;file&quot;,&quot;overlay_background&quot;:&quot;yes&quot;,&quot;content_hover_animation&quot;:&quot;fade-in&quot;}\" data-widget_type=\"gallery.default\">\n\t\t\t\t\t\t\t<div class=\"elementor-gallery__container\">\n\t\t\t\t\t\t\t<a class=\"e-gallery-item elementor-gallery-item elementor-animated-content\" href=\"https:\/\/villacesaretti.com\/wp-content\/uploads\/2025\/11\/cesaretti_23.jpg\" data-elementor-open-lightbox=\"yes\" data-elementor-lightbox-slideshow=\"2fd666a\" data-elementor-lightbox-title=\"cesaretti_23\" data-e-action-hash=\"#elementor-action%3Aaction%3Dlightbox%26settings%3DeyJpZCI6MTcwLCJ1cmwiOiJodHRwczpcL1wvdmlsbGFjZXNhcmV0dGkuY29tXC93cC1jb250ZW50XC91cGxvYWRzXC8yMDI1XC8xMVwvY2VzYXJldHRpXzIzLmpwZyIsInNsaWRlc2hvdyI6IjJmZDY2NmEifQ%3D%3D\">\n\t\t\t\t\t<div class=\"e-gallery-image elementor-gallery-item__image\" data-thumbnail=\"https:\/\/villacesaretti.com\/wp-content\/uploads\/2025\/11\/cesaretti_23-768x1024.jpg\" data-width=\"768\" data-height=\"1024\" aria-label=\"\" role=\"img\" ><\/div>\n\t\t\t\t\t\t\t\t\t\t\t<div class=\"elementor-gallery-item__overlay\"><\/div>\n\t\t\t\t\t\t\t\t\t\t\t\t\t\t<\/a>\n\t\t\t\t\t\t\t<a class=\"e-gallery-item elementor-gallery-item elementor-animated-content\" href=\"https:\/\/villacesaretti.com\/wp-content\/uploads\/2025\/11\/cesaretti_22.jpg\" data-elementor-open-lightbox=\"yes\" data-elementor-lightbox-slideshow=\"2fd666a\" data-elementor-lightbox-title=\"cesaretti_22\" data-e-action-hash=\"#elementor-action%3Aaction%3Dlightbox%26settings%3DeyJpZCI6MTcxLCJ1cmwiOiJodHRwczpcL1wvdmlsbGFjZXNhcmV0dGkuY29tXC93cC1jb250ZW50XC91cGxvYWRzXC8yMDI1XC8xMVwvY2VzYXJldHRpXzIyLmpwZyIsInNsaWRlc2hvdyI6IjJmZDY2NmEifQ%3D%3D\">\n\t\t\t\t\t<div class=\"e-gallery-image elementor-gallery-item__image\" data-thumbnail=\"https:\/\/villacesaretti.com\/wp-content\/uploads\/2025\/11\/cesaretti_22-768x1024.jpg\" data-width=\"768\" data-height=\"1024\" aria-label=\"\" role=\"img\" ><\/div>\n\t\t\t\t\t\t\t\t\t\t\t<div class=\"elementor-gallery-item__overlay\"><\/div>\n\t\t\t\t\t\t\t\t\t\t\t\t\t\t<\/a>\n\t\t\t\t\t\t\t<a class=\"e-gallery-item elementor-gallery-item elementor-animated-content\" href=\"https:\/\/villacesaretti.com\/wp-content\/uploads\/2025\/11\/cesaretti_21.jpg\" data-elementor-open-lightbox=\"yes\" data-elementor-lightbox-slideshow=\"2fd666a\" data-elementor-lightbox-title=\"cesaretti_21\" data-e-action-hash=\"#elementor-action%3Aaction%3Dlightbox%26settings%3DeyJpZCI6MTcyLCJ1cmwiOiJodHRwczpcL1wvdmlsbGFjZXNhcmV0dGkuY29tXC93cC1jb250ZW50XC91cGxvYWRzXC8yMDI1XC8xMVwvY2VzYXJldHRpXzIxLmpwZyIsInNsaWRlc2hvdyI6IjJmZDY2NmEifQ%3D%3D\">\n\t\t\t\t\t<div class=\"e-gallery-image elementor-gallery-item__image\" data-thumbnail=\"https:\/\/villacesaretti.com\/wp-content\/uploads\/2025\/11\/cesaretti_21-768x1024.jpg\" data-width=\"768\" data-height=\"1024\" aria-label=\"\" role=\"img\" ><\/div>\n\t\t\t\t\t\t\t\t\t\t\t<div class=\"elementor-gallery-item__overlay\"><\/div>\n\t\t\t\t\t\t\t\t\t\t\t\t\t\t<\/a>\n\t\t\t\t\t\t\t<a class=\"e-gallery-item elementor-gallery-item elementor-animated-content\" href=\"https:\/\/villacesaretti.com\/wp-content\/uploads\/2025\/11\/cesaretti_20.jpg\" data-elementor-open-lightbox=\"yes\" data-elementor-lightbox-slideshow=\"2fd666a\" data-elementor-lightbox-title=\"cesaretti_20\" data-e-action-hash=\"#elementor-action%3Aaction%3Dlightbox%26settings%3DeyJpZCI6MTczLCJ1cmwiOiJodHRwczpcL1wvdmlsbGFjZXNhcmV0dGkuY29tXC93cC1jb250ZW50XC91cGxvYWRzXC8yMDI1XC8xMVwvY2VzYXJldHRpXzIwLmpwZyIsInNsaWRlc2hvdyI6IjJmZDY2NmEifQ%3D%3D\">\n\t\t\t\t\t<div class=\"e-gallery-image elementor-gallery-item__image\" data-thumbnail=\"https:\/\/villacesaretti.com\/wp-content\/uploads\/2025\/11\/cesaretti_20-768x1024.jpg\" data-width=\"768\" data-height=\"1024\" aria-label=\"\" role=\"img\" ><\/div>\n\t\t\t\t\t\t\t\t\t\t\t<div class=\"elementor-gallery-item__overlay\"><\/div>\n\t\t\t\t\t\t\t\t\t\t\t\t\t\t<\/a>\n\t\t\t\t\t\t\t<a class=\"e-gallery-item elementor-gallery-item elementor-animated-content\" href=\"https:\/\/villacesaretti.com\/wp-content\/uploads\/2025\/11\/cesaretti_15.jpg\" data-elementor-open-lightbox=\"yes\" data-elementor-lightbox-slideshow=\"2fd666a\" data-elementor-lightbox-title=\"cesaretti_15\" data-e-action-hash=\"#elementor-action%3Aaction%3Dlightbox%26settings%3DeyJpZCI6MTc0LCJ1cmwiOiJodHRwczpcL1wvdmlsbGFjZXNhcmV0dGkuY29tXC93cC1jb250ZW50XC91cGxvYWRzXC8yMDI1XC8xMVwvY2VzYXJldHRpXzE1LmpwZyIsInNsaWRlc2hvdyI6IjJmZDY2NmEifQ%3D%3D\">\n\t\t\t\t\t<div class=\"e-gallery-image elementor-gallery-item__image\" data-thumbnail=\"https:\/\/villacesaretti.com\/wp-content\/uploads\/2025\/11\/cesaretti_15-768x1024.jpg\" data-width=\"768\" data-height=\"1024\" aria-label=\"\" role=\"img\" ><\/div>\n\t\t\t\t\t\t\t\t\t\t\t<div class=\"elementor-gallery-item__overlay\"><\/div>\n\t\t\t\t\t\t\t\t\t\t\t\t\t\t<\/a>\n\t\t\t\t\t\t\t<a class=\"e-gallery-item elementor-gallery-item elementor-animated-content\" href=\"https:\/\/villacesaretti.com\/wp-content\/uploads\/2025\/11\/cesaretti_14.jpg\" data-elementor-open-lightbox=\"yes\" data-elementor-lightbox-slideshow=\"2fd666a\" data-elementor-lightbox-title=\"cesaretti_14\" data-e-action-hash=\"#elementor-action%3Aaction%3Dlightbox%26settings%3DeyJpZCI6MTc1LCJ1cmwiOiJodHRwczpcL1wvdmlsbGFjZXNhcmV0dGkuY29tXC93cC1jb250ZW50XC91cGxvYWRzXC8yMDI1XC8xMVwvY2VzYXJldHRpXzE0LmpwZyIsInNsaWRlc2hvdyI6IjJmZDY2NmEifQ%3D%3D\">\n\t\t\t\t\t<div class=\"e-gallery-image elementor-gallery-item__image\" data-thumbnail=\"https:\/\/villacesaretti.com\/wp-content\/uploads\/2025\/11\/cesaretti_14-768x1024.jpg\" data-width=\"768\" data-height=\"1024\" aria-label=\"\" role=\"img\" ><\/div>\n\t\t\t\t\t\t\t\t\t\t\t<div class=\"elementor-gallery-item__overlay\"><\/div>\n\t\t\t\t\t\t\t\t\t\t\t\t\t\t<\/a>\n\t\t\t\t\t\t\t<a class=\"e-gallery-item elementor-gallery-item elementor-animated-content\" href=\"https:\/\/villacesaretti.com\/wp-content\/uploads\/2025\/11\/cesaretti_13-1.jpg\" data-elementor-open-lightbox=\"yes\" data-elementor-lightbox-slideshow=\"2fd666a\" data-elementor-lightbox-title=\"cesaretti_13\" data-e-action-hash=\"#elementor-action%3Aaction%3Dlightbox%26settings%3DeyJpZCI6MTc2LCJ1cmwiOiJodHRwczpcL1wvdmlsbGFjZXNhcmV0dGkuY29tXC93cC1jb250ZW50XC91cGxvYWRzXC8yMDI1XC8xMVwvY2VzYXJldHRpXzEzLTEuanBnIiwic2xpZGVzaG93IjoiMmZkNjY2YSJ9\">\n\t\t\t\t\t<div class=\"e-gallery-image elementor-gallery-item__image\" data-thumbnail=\"https:\/\/villacesaretti.com\/wp-content\/uploads\/2025\/11\/cesaretti_13-1-768x1024.jpg\" data-width=\"768\" data-height=\"1024\" aria-label=\"\" role=\"img\" ><\/div>\n\t\t\t\t\t\t\t\t\t\t\t<div class=\"elementor-gallery-item__overlay\"><\/div>\n\t\t\t\t\t\t\t\t\t\t\t\t\t\t<\/a>\n\t\t\t\t\t<\/div>\n\t\t\t\t\t<\/div>\n\t\t\t\t\t<\/div>\n\t\t\t\t<\/div>\n\t\t\t\t<\/div>\n\t\t","protected":false},"excerpt":{"rendered":"<p>Notre huile De l\u2019arbre \u00e0 la bouteille, un parcours d\u2019excellence L\u2019huile d\u2019olive extra vierge Cesaretti na\u00eet d\u2019une s\u00e9lection rigoureuse des olives et d\u2019un broyage presque imm\u00e9diat apr\u00e8s la r\u00e9colte, effectu\u00e9 chaque soir afin de pr\u00e9server la fra\u00eecheur et les ar\u00f4mes. Nos cultivars Frantoio \u2013 aromatique et fruit\u00e9 Leccino \u2013 doux et \u00e9quilibr\u00e9 Maurino \u2013 frais [&hellip;]<\/p>\n","protected":false},"author":1,"featured_media":0,"parent":0,"menu_order":0,"comment_status":"closed","ping_status":"closed","template":"elementor_header_footer","meta":{"footnotes":""},"class_list":["post-168","page","type-page","status-publish","hentry"],"yoast_head":"<!-- This site is optimized with the Yoast SEO plugin v26.6 - https:\/\/yoast.com\/wordpress\/plugins\/seo\/ -->\n<title>Notre huile - Azienda Agricola Cesaretti<\/title>\n<meta name=\"robots\" content=\"index, follow, max-snippet:-1, max-image-preview:large, max-video-preview:-1\" \/>\n<link rel=\"canonical\" href=\"https:\/\/villacesaretti.com\/fr\/notre-huile\/\" \/>\n<meta property=\"og:locale\" content=\"fr_FR\" \/>\n<meta property=\"og:type\" content=\"article\" \/>\n<meta property=\"og:title\" content=\"Notre huile - Azienda Agricola Cesaretti\" \/>\n<meta property=\"og:description\" content=\"Notre huile De l\u2019arbre \u00e0 la bouteille, un parcours d\u2019excellence L\u2019huile d\u2019olive extra vierge Cesaretti na\u00eet d\u2019une s\u00e9lection rigoureuse des olives et d\u2019un broyage presque imm\u00e9diat apr\u00e8s la r\u00e9colte, effectu\u00e9 chaque soir afin de pr\u00e9server la fra\u00eecheur et les ar\u00f4mes. Nos cultivars Frantoio \u2013 aromatique et fruit\u00e9 Leccino \u2013 doux et \u00e9quilibr\u00e9 Maurino \u2013 frais [&hellip;]\" \/>\n<meta property=\"og:url\" content=\"https:\/\/villacesaretti.com\/fr\/notre-huile\/\" \/>\n<meta property=\"og:site_name\" content=\"Azienda Agricola Cesaretti\" \/>\n<meta property=\"article:modified_time\" content=\"2025-12-23T10:27:11+00:00\" \/>\n<meta property=\"og:image\" content=\"https:\/\/villacesaretti.com\/wp-content\/uploads\/2025\/11\/olio-scritta.jpg\" \/>\n\t<meta property=\"og:image:width\" content=\"1000\" \/>\n\t<meta property=\"og:image:height\" content=\"208\" \/>\n\t<meta property=\"og:image:type\" content=\"image\/jpeg\" \/>\n<meta name=\"twitter:card\" content=\"summary_large_image\" \/>\n<meta name=\"twitter:label1\" content=\"Dur\u00e9e de lecture estim\u00e9e\" \/>\n\t<meta name=\"twitter:data1\" content=\"1 minute\" \/>\n<script type=\"application\/ld+json\" class=\"yoast-schema-graph\">{\"@context\":\"https:\/\/schema.org\",\"@graph\":[{\"@type\":\"WebPage\",\"@id\":\"https:\/\/villacesaretti.com\/fr\/notre-huile\/\",\"url\":\"https:\/\/villacesaretti.com\/fr\/notre-huile\/\",\"name\":\"Notre huile - Azienda Agricola Cesaretti\",\"isPartOf\":{\"@id\":\"https:\/\/villacesaretti.com\/fr\/#website\"},\"primaryImageOfPage\":{\"@id\":\"https:\/\/villacesaretti.com\/fr\/notre-huile\/#primaryimage\"},\"image\":{\"@id\":\"https:\/\/villacesaretti.com\/fr\/notre-huile\/#primaryimage\"},\"thumbnailUrl\":\"https:\/\/villacesaretti.com\/wp-content\/uploads\/2025\/11\/olio-scritta.jpg\",\"datePublished\":\"2025-11-05T16:05:39+00:00\",\"dateModified\":\"2025-12-23T10:27:11+00:00\",\"breadcrumb\":{\"@id\":\"https:\/\/villacesaretti.com\/fr\/notre-huile\/#breadcrumb\"},\"inLanguage\":\"fr-FR\",\"potentialAction\":[{\"@type\":\"ReadAction\",\"target\":[\"https:\/\/villacesaretti.com\/fr\/notre-huile\/\"]}]},{\"@type\":\"ImageObject\",\"inLanguage\":\"fr-FR\",\"@id\":\"https:\/\/villacesaretti.com\/fr\/notre-huile\/#primaryimage\",\"url\":\"https:\/\/villacesaretti.com\/wp-content\/uploads\/2025\/11\/olio-scritta.jpg\",\"contentUrl\":\"https:\/\/villacesaretti.com\/wp-content\/uploads\/2025\/11\/olio-scritta.jpg\"},{\"@type\":\"BreadcrumbList\",\"@id\":\"https:\/\/villacesaretti.com\/fr\/notre-huile\/#breadcrumb\",\"itemListElement\":[{\"@type\":\"ListItem\",\"position\":1,\"name\":\"Home\",\"item\":\"https:\/\/villacesaretti.com\/fr\/villa-cesaretti\/\"},{\"@type\":\"ListItem\",\"position\":2,\"name\":\"Notre huile\"}]},{\"@type\":\"WebSite\",\"@id\":\"https:\/\/villacesaretti.com\/fr\/#website\",\"url\":\"https:\/\/villacesaretti.com\/fr\/\",\"name\":\"Azienda Agricola Cesaretti\",\"description\":\"Tradizione e Olio di Eccellenza a Lucca\",\"publisher\":{\"@id\":\"https:\/\/villacesaretti.com\/fr\/#organization\"},\"potentialAction\":[{\"@type\":\"SearchAction\",\"target\":{\"@type\":\"EntryPoint\",\"urlTemplate\":\"https:\/\/villacesaretti.com\/fr\/?s={search_term_string}\"},\"query-input\":{\"@type\":\"PropertyValueSpecification\",\"valueRequired\":true,\"valueName\":\"search_term_string\"}}],\"inLanguage\":\"fr-FR\"},{\"@type\":\"Organization\",\"@id\":\"https:\/\/villacesaretti.com\/fr\/#organization\",\"name\":\"Azienda Agricola Cesaretti\",\"url\":\"https:\/\/villacesaretti.com\/fr\/\",\"logo\":{\"@type\":\"ImageObject\",\"inLanguage\":\"fr-FR\",\"@id\":\"https:\/\/villacesaretti.com\/fr\/#\/schema\/logo\/image\/\",\"url\":\"https:\/\/villacesaretti.com\/wp-content\/uploads\/2025\/11\/logo-cesaretti.png\",\"contentUrl\":\"https:\/\/villacesaretti.com\/wp-content\/uploads\/2025\/11\/logo-cesaretti.png\",\"width\":820,\"height\":154,\"caption\":\"Azienda Agricola Cesaretti\"},\"image\":{\"@id\":\"https:\/\/villacesaretti.com\/fr\/#\/schema\/logo\/image\/\"}}]}<\/script>\n<!-- \/ Yoast SEO plugin. -->","yoast_head_json":{"title":"Notre huile - Azienda Agricola Cesaretti","robots":{"index":"index","follow":"follow","max-snippet":"max-snippet:-1","max-image-preview":"max-image-preview:large","max-video-preview":"max-video-preview:-1"},"canonical":"https:\/\/villacesaretti.com\/fr\/notre-huile\/","og_locale":"fr_FR","og_type":"article","og_title":"Notre huile - Azienda Agricola Cesaretti","og_description":"Notre huile De l\u2019arbre \u00e0 la bouteille, un parcours d\u2019excellence L\u2019huile d\u2019olive extra vierge Cesaretti na\u00eet d\u2019une s\u00e9lection rigoureuse des olives et d\u2019un broyage presque imm\u00e9diat apr\u00e8s la r\u00e9colte, effectu\u00e9 chaque soir afin de pr\u00e9server la fra\u00eecheur et les ar\u00f4mes. Nos cultivars Frantoio \u2013 aromatique et fruit\u00e9 Leccino \u2013 doux et \u00e9quilibr\u00e9 Maurino \u2013 frais [&hellip;]","og_url":"https:\/\/villacesaretti.com\/fr\/notre-huile\/","og_site_name":"Azienda Agricola Cesaretti","article_modified_time":"2025-12-23T10:27:11+00:00","og_image":[{"width":1000,"height":208,"url":"https:\/\/villacesaretti.com\/wp-content\/uploads\/2025\/11\/olio-scritta.jpg","type":"image\/jpeg"}],"twitter_card":"summary_large_image","twitter_misc":{"Dur\u00e9e de lecture estim\u00e9e":"1 minute"},"schema":{"@context":"https:\/\/schema.org","@graph":[{"@type":"WebPage","@id":"https:\/\/villacesaretti.com\/fr\/notre-huile\/","url":"https:\/\/villacesaretti.com\/fr\/notre-huile\/","name":"Notre huile - Azienda Agricola Cesaretti","isPartOf":{"@id":"https:\/\/villacesaretti.com\/fr\/#website"},"primaryImageOfPage":{"@id":"https:\/\/villacesaretti.com\/fr\/notre-huile\/#primaryimage"},"image":{"@id":"https:\/\/villacesaretti.com\/fr\/notre-huile\/#primaryimage"},"thumbnailUrl":"https:\/\/villacesaretti.com\/wp-content\/uploads\/2025\/11\/olio-scritta.jpg","datePublished":"2025-11-05T16:05:39+00:00","dateModified":"2025-12-23T10:27:11+00:00","breadcrumb":{"@id":"https:\/\/villacesaretti.com\/fr\/notre-huile\/#breadcrumb"},"inLanguage":"fr-FR","potentialAction":[{"@type":"ReadAction","target":["https:\/\/villacesaretti.com\/fr\/notre-huile\/"]}]},{"@type":"ImageObject","inLanguage":"fr-FR","@id":"https:\/\/villacesaretti.com\/fr\/notre-huile\/#primaryimage","url":"https:\/\/villacesaretti.com\/wp-content\/uploads\/2025\/11\/olio-scritta.jpg","contentUrl":"https:\/\/villacesaretti.com\/wp-content\/uploads\/2025\/11\/olio-scritta.jpg"},{"@type":"BreadcrumbList","@id":"https:\/\/villacesaretti.com\/fr\/notre-huile\/#breadcrumb","itemListElement":[{"@type":"ListItem","position":1,"name":"Home","item":"https:\/\/villacesaretti.com\/fr\/villa-cesaretti\/"},{"@type":"ListItem","position":2,"name":"Notre huile"}]},{"@type":"WebSite","@id":"https:\/\/villacesaretti.com\/fr\/#website","url":"https:\/\/villacesaretti.com\/fr\/","name":"Azienda Agricola Cesaretti","description":"Tradizione e Olio di Eccellenza a Lucca","publisher":{"@id":"https:\/\/villacesaretti.com\/fr\/#organization"},"potentialAction":[{"@type":"SearchAction","target":{"@type":"EntryPoint","urlTemplate":"https:\/\/villacesaretti.com\/fr\/?s={search_term_string}"},"query-input":{"@type":"PropertyValueSpecification","valueRequired":true,"valueName":"search_term_string"}}],"inLanguage":"fr-FR"},{"@type":"Organization","@id":"https:\/\/villacesaretti.com\/fr\/#organization","name":"Azienda Agricola Cesaretti","url":"https:\/\/villacesaretti.com\/fr\/","logo":{"@type":"ImageObject","inLanguage":"fr-FR","@id":"https:\/\/villacesaretti.com\/fr\/#\/schema\/logo\/image\/","url":"https:\/\/villacesaretti.com\/wp-content\/uploads\/2025\/11\/logo-cesaretti.png","contentUrl":"https:\/\/villacesaretti.com\/wp-content\/uploads\/2025\/11\/logo-cesaretti.png","width":820,"height":154,"caption":"Azienda Agricola Cesaretti"},"image":{"@id":"https:\/\/villacesaretti.com\/fr\/#\/schema\/logo\/image\/"}}]}},"_hostinger_reach_plugin_has_subscription_block":false,"_hostinger_reach_plugin_is_elementor":false,"_links":{"self":[{"href":"https:\/\/villacesaretti.com\/fr\/wp-json\/wp\/v2\/pages\/168","targetHints":{"allow":["GET"]}}],"collection":[{"href":"https:\/\/villacesaretti.com\/fr\/wp-json\/wp\/v2\/pages"}],"about":[{"href":"https:\/\/villacesaretti.com\/fr\/wp-json\/wp\/v2\/types\/page"}],"author":[{"embeddable":true,"href":"https:\/\/villacesaretti.com\/fr\/wp-json\/wp\/v2\/users\/1"}],"replies":[{"embeddable":true,"href":"https:\/\/villacesaretti.com\/fr\/wp-json\/wp\/v2\/comments?post=168"}],"version-history":[{"count":1,"href":"https:\/\/villacesaretti.com\/fr\/wp-json\/wp\/v2\/pages\/168\/revisions"}],"predecessor-version":[{"id":177,"href":"https:\/\/villacesaretti.com\/fr\/wp-json\/wp\/v2\/pages\/168\/revisions\/177"}],"wp:attachment":[{"href":"https:\/\/villacesaretti.com\/fr\/wp-json\/wp\/v2\/media?parent=168"}],"curies":[{"name":"wp","href":"https:\/\/api.w.org\/{rel}","templated":true}]}}