{"id":186,"date":"2025-11-05T16:08:45","date_gmt":"2025-11-05T16:08:45","guid":{"rendered":"https:\/\/villacesaretti.com\/oliveraie\/"},"modified":"2025-12-23T10:33:05","modified_gmt":"2025-12-23T10:33:05","slug":"oliveraie","status":"publish","type":"page","link":"https:\/\/villacesaretti.com\/fr\/oliveraie\/","title":{"rendered":"Oliveraie"},"content":{"rendered":"\t\t<div data-elementor-type=\"wp-page\" data-elementor-id=\"186\" class=\"elementor elementor-186 elementor-44\" data-elementor-post-type=\"page\">\n\t\t\t\t<div class=\"elementor-element elementor-element-7094838 e-flex e-con-boxed e-con e-parent\" data-id=\"7094838\" data-element_type=\"container\" data-settings=\"{&quot;background_background&quot;:&quot;classic&quot;}\">\n\t\t\t\t\t<div class=\"e-con-inner\">\n\t\t\t\t\t<\/div>\n\t\t\t\t<\/div>\n\t\t<div class=\"elementor-element elementor-element-5c9caebb e-flex e-con-boxed e-con e-parent\" data-id=\"5c9caebb\" data-element_type=\"container\">\n\t\t\t\t\t<div class=\"e-con-inner\">\n\t\t\t\t<div class=\"elementor-element elementor-element-6712e86b elementor-widget elementor-widget-heading\" data-id=\"6712e86b\" data-element_type=\"widget\" data-widget_type=\"heading.default\">\n\t\t\t\t\t<h1 class=\"elementor-heading-title elementor-size-default\">Oliveraie<\/h1>\t\t\t\t<\/div>\n\t\t\t\t<div class=\"elementor-element elementor-element-21820d7b elementor-widget elementor-widget-heading\" data-id=\"21820d7b\" data-element_type=\"widget\" data-widget_type=\"heading.default\">\n\t\t\t\t\t<h2 class=\"elementor-heading-title elementor-size-default\">4 300 arbres, entre pass\u00e9 et avenir<\/h2>\t\t\t\t<\/div>\n\t\t\t\t<div class=\"elementor-element elementor-element-2990605a elementor-widget elementor-widget-text-editor\" data-id=\"2990605a\" data-element_type=\"widget\" data-widget_type=\"text-editor.default\">\n\t\t\t\t\t\t\t\t\t<p data-start=\"4045\" data-end=\"4339\">L\u2019oliveraie Cesaretti s\u2019\u00e9tend sur environ 15 hectares de terrain en douce pente, sans terrasses, id\u00e9ale pour une culture ais\u00e9e et durable.<br data-start=\"4196\" data-end=\"4199\">Les arbres les plus anciens d\u00e9passent les 400 ans, tandis que les plus jeunes \u2013 plant\u00e9s au cours des 20 derni\u00e8res ann\u00e9es \u2013 repr\u00e9sentent l\u2019avenir de la production.<\/p><p data-start=\"4341\" data-end=\"4483\">Potentiel de croissance<br data-start=\"4369\" data-end=\"4372\">De nouvelles plantations sont pr\u00e9vues sur 2 \u00e0 3 hectares, afin d\u2019atteindre environ 5 000 arbres productifs dans les prochaines ann\u00e9es.<\/p>\t\t\t\t\t\t\t\t<\/div>\n\t\t\t\t\t<\/div>\n\t\t\t\t<\/div>\n\t\t<div class=\"elementor-element elementor-element-d1cded2 e-flex e-con-boxed e-con e-parent\" data-id=\"d1cded2\" data-element_type=\"container\">\n\t\t\t\t\t<div class=\"e-con-inner\">\n\t\t\t\t<div class=\"elementor-element elementor-element-051ffd1 elementor-widget elementor-widget-gallery\" data-id=\"051ffd1\" data-element_type=\"widget\" data-settings=\"{&quot;gallery_layout&quot;:&quot;masonry&quot;,&quot;columns_mobile&quot;:2,&quot;lazyload&quot;:&quot;yes&quot;,&quot;columns&quot;:4,&quot;columns_tablet&quot;:2,&quot;gap&quot;:{&quot;unit&quot;:&quot;px&quot;,&quot;size&quot;:10,&quot;sizes&quot;:[]},&quot;gap_tablet&quot;:{&quot;unit&quot;:&quot;px&quot;,&quot;size&quot;:10,&quot;sizes&quot;:[]},&quot;gap_mobile&quot;:{&quot;unit&quot;:&quot;px&quot;,&quot;size&quot;:10,&quot;sizes&quot;:[]},&quot;link_to&quot;:&quot;file&quot;,&quot;overlay_background&quot;:&quot;yes&quot;,&quot;content_hover_animation&quot;:&quot;fade-in&quot;}\" data-widget_type=\"gallery.default\">\n\t\t\t\t\t\t\t<div class=\"elementor-gallery__container\">\n\t\t\t\t\t\t\t<a class=\"e-gallery-item elementor-gallery-item elementor-animated-content\" href=\"https:\/\/villacesaretti.com\/wp-content\/uploads\/2025\/11\/cesaretti_11.jpg\" data-elementor-open-lightbox=\"yes\" data-elementor-lightbox-slideshow=\"051ffd1\" data-elementor-lightbox-title=\"cesaretti_11\" data-e-action-hash=\"#elementor-action%3Aaction%3Dlightbox%26settings%3DeyJpZCI6MTc4LCJ1cmwiOiJodHRwczpcL1wvdmlsbGFjZXNhcmV0dGkuY29tXC93cC1jb250ZW50XC91cGxvYWRzXC8yMDI1XC8xMVwvY2VzYXJldHRpXzExLmpwZyIsInNsaWRlc2hvdyI6IjA1MWZmZDEifQ%3D%3D\">\n\t\t\t\t\t<div class=\"e-gallery-image elementor-gallery-item__image\" data-thumbnail=\"https:\/\/villacesaretti.com\/wp-content\/uploads\/2025\/11\/cesaretti_11-1024x768.jpg\" data-width=\"800\" data-height=\"600\" aria-label=\"\" role=\"img\" ><\/div>\n\t\t\t\t\t\t\t\t\t\t\t<div class=\"elementor-gallery-item__overlay\"><\/div>\n\t\t\t\t\t\t\t\t\t\t\t\t\t\t<\/a>\n\t\t\t\t\t\t\t<a class=\"e-gallery-item elementor-gallery-item elementor-animated-content\" href=\"https:\/\/villacesaretti.com\/wp-content\/uploads\/2025\/11\/cesaretti_10.jpg\" data-elementor-open-lightbox=\"yes\" data-elementor-lightbox-slideshow=\"051ffd1\" data-elementor-lightbox-title=\"cesaretti_10\" data-e-action-hash=\"#elementor-action%3Aaction%3Dlightbox%26settings%3DeyJpZCI6MTc5LCJ1cmwiOiJodHRwczpcL1wvdmlsbGFjZXNhcmV0dGkuY29tXC93cC1jb250ZW50XC91cGxvYWRzXC8yMDI1XC8xMVwvY2VzYXJldHRpXzEwLmpwZyIsInNsaWRlc2hvdyI6IjA1MWZmZDEifQ%3D%3D\">\n\t\t\t\t\t<div class=\"e-gallery-image elementor-gallery-item__image\" data-thumbnail=\"https:\/\/villacesaretti.com\/wp-content\/uploads\/2025\/11\/cesaretti_10-1024x768.jpg\" data-width=\"800\" data-height=\"600\" aria-label=\"\" role=\"img\" ><\/div>\n\t\t\t\t\t\t\t\t\t\t\t<div class=\"elementor-gallery-item__overlay\"><\/div>\n\t\t\t\t\t\t\t\t\t\t\t\t\t\t<\/a>\n\t\t\t\t\t\t\t<a class=\"e-gallery-item elementor-gallery-item elementor-animated-content\" href=\"https:\/\/villacesaretti.com\/wp-content\/uploads\/2025\/11\/cesaretti_9-1.jpg\" data-elementor-open-lightbox=\"yes\" data-elementor-lightbox-slideshow=\"051ffd1\" data-elementor-lightbox-title=\"cesaretti_9\" data-e-action-hash=\"#elementor-action%3Aaction%3Dlightbox%26settings%3DeyJpZCI6MTgwLCJ1cmwiOiJodHRwczpcL1wvdmlsbGFjZXNhcmV0dGkuY29tXC93cC1jb250ZW50XC91cGxvYWRzXC8yMDI1XC8xMVwvY2VzYXJldHRpXzktMS5qcGciLCJzbGlkZXNob3ciOiIwNTFmZmQxIn0%3D\">\n\t\t\t\t\t<div class=\"e-gallery-image elementor-gallery-item__image\" data-thumbnail=\"https:\/\/villacesaretti.com\/wp-content\/uploads\/2025\/11\/cesaretti_9-1-1024x768.jpg\" data-width=\"800\" data-height=\"600\" aria-label=\"\" role=\"img\" ><\/div>\n\t\t\t\t\t\t\t\t\t\t\t<div class=\"elementor-gallery-item__overlay\"><\/div>\n\t\t\t\t\t\t\t\t\t\t\t\t\t\t<\/a>\n\t\t\t\t\t\t\t<a class=\"e-gallery-item elementor-gallery-item elementor-animated-content\" href=\"https:\/\/villacesaretti.com\/wp-content\/uploads\/2025\/11\/cesaretti_8.jpg\" data-elementor-open-lightbox=\"yes\" data-elementor-lightbox-slideshow=\"051ffd1\" data-elementor-lightbox-title=\"cesaretti_8\" data-e-action-hash=\"#elementor-action%3Aaction%3Dlightbox%26settings%3DeyJpZCI6MTgxLCJ1cmwiOiJodHRwczpcL1wvdmlsbGFjZXNhcmV0dGkuY29tXC93cC1jb250ZW50XC91cGxvYWRzXC8yMDI1XC8xMVwvY2VzYXJldHRpXzguanBnIiwic2xpZGVzaG93IjoiMDUxZmZkMSJ9\">\n\t\t\t\t\t<div class=\"e-gallery-image elementor-gallery-item__image\" data-thumbnail=\"https:\/\/villacesaretti.com\/wp-content\/uploads\/2025\/11\/cesaretti_8-1024x768.jpg\" data-width=\"800\" data-height=\"600\" aria-label=\"\" role=\"img\" ><\/div>\n\t\t\t\t\t\t\t\t\t\t\t<div class=\"elementor-gallery-item__overlay\"><\/div>\n\t\t\t\t\t\t\t\t\t\t\t\t\t\t<\/a>\n\t\t\t\t\t\t\t<a class=\"e-gallery-item elementor-gallery-item elementor-animated-content\" href=\"https:\/\/villacesaretti.com\/wp-content\/uploads\/2025\/11\/cesaretti_7.jpg\" data-elementor-open-lightbox=\"yes\" data-elementor-lightbox-slideshow=\"051ffd1\" data-elementor-lightbox-title=\"cesaretti_7\" data-e-action-hash=\"#elementor-action%3Aaction%3Dlightbox%26settings%3DeyJpZCI6MTgyLCJ1cmwiOiJodHRwczpcL1wvdmlsbGFjZXNhcmV0dGkuY29tXC93cC1jb250ZW50XC91cGxvYWRzXC8yMDI1XC8xMVwvY2VzYXJldHRpXzcuanBnIiwic2xpZGVzaG93IjoiMDUxZmZkMSJ9\">\n\t\t\t\t\t<div class=\"e-gallery-image elementor-gallery-item__image\" data-thumbnail=\"https:\/\/villacesaretti.com\/wp-content\/uploads\/2025\/11\/cesaretti_7-1024x768.jpg\" data-width=\"800\" data-height=\"600\" aria-label=\"\" role=\"img\" ><\/div>\n\t\t\t\t\t\t\t\t\t\t\t<div class=\"elementor-gallery-item__overlay\"><\/div>\n\t\t\t\t\t\t\t\t\t\t\t\t\t\t<\/a>\n\t\t\t\t\t\t\t<a class=\"e-gallery-item elementor-gallery-item elementor-animated-content\" href=\"https:\/\/villacesaretti.com\/wp-content\/uploads\/2025\/11\/cesaretti_6.jpg\" data-elementor-open-lightbox=\"yes\" data-elementor-lightbox-slideshow=\"051ffd1\" data-elementor-lightbox-title=\"cesaretti_6\" data-e-action-hash=\"#elementor-action%3Aaction%3Dlightbox%26settings%3DeyJpZCI6MTgzLCJ1cmwiOiJodHRwczpcL1wvdmlsbGFjZXNhcmV0dGkuY29tXC93cC1jb250ZW50XC91cGxvYWRzXC8yMDI1XC8xMVwvY2VzYXJldHRpXzYuanBnIiwic2xpZGVzaG93IjoiMDUxZmZkMSJ9\">\n\t\t\t\t\t<div class=\"e-gallery-image elementor-gallery-item__image\" data-thumbnail=\"https:\/\/villacesaretti.com\/wp-content\/uploads\/2025\/11\/cesaretti_6-1024x768.jpg\" data-width=\"800\" data-height=\"600\" aria-label=\"\" role=\"img\" ><\/div>\n\t\t\t\t\t\t\t\t\t\t\t<div class=\"elementor-gallery-item__overlay\"><\/div>\n\t\t\t\t\t\t\t\t\t\t\t\t\t\t<\/a>\n\t\t\t\t\t\t\t<a class=\"e-gallery-item elementor-gallery-item elementor-animated-content\" href=\"https:\/\/villacesaretti.com\/wp-content\/uploads\/2025\/11\/cesaretti_5.jpg\" data-elementor-open-lightbox=\"yes\" data-elementor-lightbox-slideshow=\"051ffd1\" data-elementor-lightbox-title=\"cesaretti_5\" data-e-action-hash=\"#elementor-action%3Aaction%3Dlightbox%26settings%3DeyJpZCI6MTg0LCJ1cmwiOiJodHRwczpcL1wvdmlsbGFjZXNhcmV0dGkuY29tXC93cC1jb250ZW50XC91cGxvYWRzXC8yMDI1XC8xMVwvY2VzYXJldHRpXzUuanBnIiwic2xpZGVzaG93IjoiMDUxZmZkMSJ9\">\n\t\t\t\t\t<div class=\"e-gallery-image elementor-gallery-item__image\" data-thumbnail=\"https:\/\/villacesaretti.com\/wp-content\/uploads\/2025\/11\/cesaretti_5-1024x768.jpg\" data-width=\"800\" data-height=\"600\" aria-label=\"\" role=\"img\" ><\/div>\n\t\t\t\t\t\t\t\t\t\t\t<div class=\"elementor-gallery-item__overlay\"><\/div>\n\t\t\t\t\t\t\t\t\t\t\t\t\t\t<\/a>\n\t\t\t\t\t\t\t<a class=\"e-gallery-item elementor-gallery-item elementor-animated-content\" href=\"https:\/\/villacesaretti.com\/wp-content\/uploads\/2025\/11\/cesaretti_4-1.jpg\" data-elementor-open-lightbox=\"yes\" data-elementor-lightbox-slideshow=\"051ffd1\" data-elementor-lightbox-title=\"cesaretti_4\" data-e-action-hash=\"#elementor-action%3Aaction%3Dlightbox%26settings%3DeyJpZCI6MTg1LCJ1cmwiOiJodHRwczpcL1wvdmlsbGFjZXNhcmV0dGkuY29tXC93cC1jb250ZW50XC91cGxvYWRzXC8yMDI1XC8xMVwvY2VzYXJldHRpXzQtMS5qcGciLCJzbGlkZXNob3ciOiIwNTFmZmQxIn0%3D\">\n\t\t\t\t\t<div class=\"e-gallery-image elementor-gallery-item__image\" data-thumbnail=\"https:\/\/villacesaretti.com\/wp-content\/uploads\/2025\/11\/cesaretti_4-1-1024x768.jpg\" data-width=\"800\" data-height=\"600\" aria-label=\"\" role=\"img\" ><\/div>\n\t\t\t\t\t\t\t\t\t\t\t<div class=\"elementor-gallery-item__overlay\"><\/div>\n\t\t\t\t\t\t\t\t\t\t\t\t\t\t<\/a>\n\t\t\t\t\t<\/div>\n\t\t\t\t\t<\/div>\n\t\t\t\t\t<\/div>\n\t\t\t\t<\/div>\n\t\t\t\t<\/div>\n\t\t","protected":false},"excerpt":{"rendered":"<p>Oliveraie 4 300 arbres, entre pass\u00e9 et avenir L\u2019oliveraie Cesaretti s\u2019\u00e9tend sur environ 15 hectares de terrain en douce pente, sans terrasses, id\u00e9ale pour une culture ais\u00e9e et durable.Les arbres les plus anciens d\u00e9passent les 400 ans, tandis que les plus jeunes \u2013 plant\u00e9s au cours des 20 derni\u00e8res ann\u00e9es \u2013 repr\u00e9sentent l\u2019avenir de la [&hellip;]<\/p>\n","protected":false},"author":1,"featured_media":0,"parent":0,"menu_order":0,"comment_status":"closed","ping_status":"closed","template":"elementor_header_footer","meta":{"footnotes":""},"class_list":["post-186","page","type-page","status-publish","hentry"],"yoast_head":"<!-- This site is optimized with the Yoast SEO plugin v26.6 - https:\/\/yoast.com\/wordpress\/plugins\/seo\/ -->\n<title>Oliveraie - Azienda Agricola Cesaretti<\/title>\n<meta name=\"robots\" content=\"index, follow, max-snippet:-1, max-image-preview:large, max-video-preview:-1\" \/>\n<link rel=\"canonical\" href=\"https:\/\/villacesaretti.com\/fr\/oliveraie\/\" \/>\n<meta property=\"og:locale\" content=\"fr_FR\" \/>\n<meta property=\"og:type\" content=\"article\" \/>\n<meta property=\"og:title\" content=\"Oliveraie - Azienda Agricola Cesaretti\" \/>\n<meta property=\"og:description\" content=\"Oliveraie 4 300 arbres, entre pass\u00e9 et avenir L\u2019oliveraie Cesaretti s\u2019\u00e9tend sur environ 15 hectares de terrain en douce pente, sans terrasses, id\u00e9ale pour une culture ais\u00e9e et durable.Les arbres les plus anciens d\u00e9passent les 400 ans, tandis que les plus jeunes \u2013 plant\u00e9s au cours des 20 derni\u00e8res ann\u00e9es \u2013 repr\u00e9sentent l\u2019avenir de la [&hellip;]\" \/>\n<meta property=\"og:url\" content=\"https:\/\/villacesaretti.com\/fr\/oliveraie\/\" \/>\n<meta property=\"og:site_name\" content=\"Azienda Agricola Cesaretti\" \/>\n<meta property=\"article:modified_time\" content=\"2025-12-23T10:33:05+00:00\" \/>\n<meta name=\"twitter:card\" content=\"summary_large_image\" \/>\n<script type=\"application\/ld+json\" class=\"yoast-schema-graph\">{\"@context\":\"https:\/\/schema.org\",\"@graph\":[{\"@type\":\"WebPage\",\"@id\":\"https:\/\/villacesaretti.com\/fr\/oliveraie\/\",\"url\":\"https:\/\/villacesaretti.com\/fr\/oliveraie\/\",\"name\":\"Oliveraie - Azienda Agricola Cesaretti\",\"isPartOf\":{\"@id\":\"https:\/\/villacesaretti.com\/fr\/#website\"},\"datePublished\":\"2025-11-05T16:08:45+00:00\",\"dateModified\":\"2025-12-23T10:33:05+00:00\",\"breadcrumb\":{\"@id\":\"https:\/\/villacesaretti.com\/fr\/oliveraie\/#breadcrumb\"},\"inLanguage\":\"fr-FR\",\"potentialAction\":[{\"@type\":\"ReadAction\",\"target\":[\"https:\/\/villacesaretti.com\/fr\/oliveraie\/\"]}]},{\"@type\":\"BreadcrumbList\",\"@id\":\"https:\/\/villacesaretti.com\/fr\/oliveraie\/#breadcrumb\",\"itemListElement\":[{\"@type\":\"ListItem\",\"position\":1,\"name\":\"Home\",\"item\":\"https:\/\/villacesaretti.com\/fr\/villa-cesaretti\/\"},{\"@type\":\"ListItem\",\"position\":2,\"name\":\"Oliveraie\"}]},{\"@type\":\"WebSite\",\"@id\":\"https:\/\/villacesaretti.com\/fr\/#website\",\"url\":\"https:\/\/villacesaretti.com\/fr\/\",\"name\":\"Azienda Agricola Cesaretti\",\"description\":\"Tradizione e Olio di Eccellenza a Lucca\",\"publisher\":{\"@id\":\"https:\/\/villacesaretti.com\/fr\/#organization\"},\"potentialAction\":[{\"@type\":\"SearchAction\",\"target\":{\"@type\":\"EntryPoint\",\"urlTemplate\":\"https:\/\/villacesaretti.com\/fr\/?s={search_term_string}\"},\"query-input\":{\"@type\":\"PropertyValueSpecification\",\"valueRequired\":true,\"valueName\":\"search_term_string\"}}],\"inLanguage\":\"fr-FR\"},{\"@type\":\"Organization\",\"@id\":\"https:\/\/villacesaretti.com\/fr\/#organization\",\"name\":\"Azienda Agricola Cesaretti\",\"url\":\"https:\/\/villacesaretti.com\/fr\/\",\"logo\":{\"@type\":\"ImageObject\",\"inLanguage\":\"fr-FR\",\"@id\":\"https:\/\/villacesaretti.com\/fr\/#\/schema\/logo\/image\/\",\"url\":\"https:\/\/villacesaretti.com\/wp-content\/uploads\/2025\/11\/logo-cesaretti.png\",\"contentUrl\":\"https:\/\/villacesaretti.com\/wp-content\/uploads\/2025\/11\/logo-cesaretti.png\",\"width\":820,\"height\":154,\"caption\":\"Azienda Agricola Cesaretti\"},\"image\":{\"@id\":\"https:\/\/villacesaretti.com\/fr\/#\/schema\/logo\/image\/\"}}]}<\/script>\n<!-- \/ Yoast SEO plugin. -->","yoast_head_json":{"title":"Oliveraie - Azienda Agricola Cesaretti","robots":{"index":"index","follow":"follow","max-snippet":"max-snippet:-1","max-image-preview":"max-image-preview:large","max-video-preview":"max-video-preview:-1"},"canonical":"https:\/\/villacesaretti.com\/fr\/oliveraie\/","og_locale":"fr_FR","og_type":"article","og_title":"Oliveraie - Azienda Agricola Cesaretti","og_description":"Oliveraie 4 300 arbres, entre pass\u00e9 et avenir L\u2019oliveraie Cesaretti s\u2019\u00e9tend sur environ 15 hectares de terrain en douce pente, sans terrasses, id\u00e9ale pour une culture ais\u00e9e et durable.Les arbres les plus anciens d\u00e9passent les 400 ans, tandis que les plus jeunes \u2013 plant\u00e9s au cours des 20 derni\u00e8res ann\u00e9es \u2013 repr\u00e9sentent l\u2019avenir de la [&hellip;]","og_url":"https:\/\/villacesaretti.com\/fr\/oliveraie\/","og_site_name":"Azienda Agricola Cesaretti","article_modified_time":"2025-12-23T10:33:05+00:00","twitter_card":"summary_large_image","schema":{"@context":"https:\/\/schema.org","@graph":[{"@type":"WebPage","@id":"https:\/\/villacesaretti.com\/fr\/oliveraie\/","url":"https:\/\/villacesaretti.com\/fr\/oliveraie\/","name":"Oliveraie - Azienda Agricola Cesaretti","isPartOf":{"@id":"https:\/\/villacesaretti.com\/fr\/#website"},"datePublished":"2025-11-05T16:08:45+00:00","dateModified":"2025-12-23T10:33:05+00:00","breadcrumb":{"@id":"https:\/\/villacesaretti.com\/fr\/oliveraie\/#breadcrumb"},"inLanguage":"fr-FR","potentialAction":[{"@type":"ReadAction","target":["https:\/\/villacesaretti.com\/fr\/oliveraie\/"]}]},{"@type":"BreadcrumbList","@id":"https:\/\/villacesaretti.com\/fr\/oliveraie\/#breadcrumb","itemListElement":[{"@type":"ListItem","position":1,"name":"Home","item":"https:\/\/villacesaretti.com\/fr\/villa-cesaretti\/"},{"@type":"ListItem","position":2,"name":"Oliveraie"}]},{"@type":"WebSite","@id":"https:\/\/villacesaretti.com\/fr\/#website","url":"https:\/\/villacesaretti.com\/fr\/","name":"Azienda Agricola Cesaretti","description":"Tradizione e Olio di Eccellenza a Lucca","publisher":{"@id":"https:\/\/villacesaretti.com\/fr\/#organization"},"potentialAction":[{"@type":"SearchAction","target":{"@type":"EntryPoint","urlTemplate":"https:\/\/villacesaretti.com\/fr\/?s={search_term_string}"},"query-input":{"@type":"PropertyValueSpecification","valueRequired":true,"valueName":"search_term_string"}}],"inLanguage":"fr-FR"},{"@type":"Organization","@id":"https:\/\/villacesaretti.com\/fr\/#organization","name":"Azienda Agricola Cesaretti","url":"https:\/\/villacesaretti.com\/fr\/","logo":{"@type":"ImageObject","inLanguage":"fr-FR","@id":"https:\/\/villacesaretti.com\/fr\/#\/schema\/logo\/image\/","url":"https:\/\/villacesaretti.com\/wp-content\/uploads\/2025\/11\/logo-cesaretti.png","contentUrl":"https:\/\/villacesaretti.com\/wp-content\/uploads\/2025\/11\/logo-cesaretti.png","width":820,"height":154,"caption":"Azienda Agricola Cesaretti"},"image":{"@id":"https:\/\/villacesaretti.com\/fr\/#\/schema\/logo\/image\/"}}]}},"_hostinger_reach_plugin_has_subscription_block":false,"_hostinger_reach_plugin_is_elementor":false,"_links":{"self":[{"href":"https:\/\/villacesaretti.com\/fr\/wp-json\/wp\/v2\/pages\/186","targetHints":{"allow":["GET"]}}],"collection":[{"href":"https:\/\/villacesaretti.com\/fr\/wp-json\/wp\/v2\/pages"}],"about":[{"href":"https:\/\/villacesaretti.com\/fr\/wp-json\/wp\/v2\/types\/page"}],"author":[{"embeddable":true,"href":"https:\/\/villacesaretti.com\/fr\/wp-json\/wp\/v2\/users\/1"}],"replies":[{"embeddable":true,"href":"https:\/\/villacesaretti.com\/fr\/wp-json\/wp\/v2\/comments?post=186"}],"version-history":[{"count":1,"href":"https:\/\/villacesaretti.com\/fr\/wp-json\/wp\/v2\/pages\/186\/revisions"}],"predecessor-version":[{"id":187,"href":"https:\/\/villacesaretti.com\/fr\/wp-json\/wp\/v2\/pages\/186\/revisions\/187"}],"wp:attachment":[{"href":"https:\/\/villacesaretti.com\/fr\/wp-json\/wp\/v2\/media?parent=186"}],"curies":[{"name":"wp","href":"https:\/\/api.w.org\/{rel}","templated":true}]}}