{"id":191,"date":"2025-11-05T15:32:36","date_gmt":"2025-11-05T15:32:36","guid":{"rendered":"https:\/\/villacesaretti.com\/villa-cesaretti\/"},"modified":"2025-12-23T10:40:28","modified_gmt":"2025-12-23T10:40:28","slug":"villa-cesaretti","status":"publish","type":"page","link":"https:\/\/villacesaretti.com\/fr\/","title":{"rendered":"Villa Cesaretti"},"content":{"rendered":"\t\t<div data-elementor-type=\"wp-page\" data-elementor-id=\"191\" class=\"elementor elementor-191 elementor-9\" data-elementor-post-type=\"page\">\n\t\t\t\t<div class=\"elementor-element elementor-element-9875b23 e-flex e-con-boxed e-con e-parent\" data-id=\"9875b23\" data-element_type=\"container\" data-settings=\"{&quot;background_background&quot;:&quot;slideshow&quot;,&quot;background_slideshow_gallery&quot;:[{&quot;id&quot;:188,&quot;url&quot;:&quot;https:\\\/\\\/villacesaretti.com\\\/wp-content\\\/uploads\\\/2025\\\/11\\\/cesaretti_18.jpg&quot;},{&quot;id&quot;:154,&quot;url&quot;:&quot;https:\\\/\\\/villacesaretti.com\\\/wp-content\\\/uploads\\\/2025\\\/11\\\/cesaretti_16.jpg&quot;},{&quot;id&quot;:176,&quot;url&quot;:&quot;https:\\\/\\\/villacesaretti.com\\\/wp-content\\\/uploads\\\/2025\\\/11\\\/cesaretti_13-1.jpg&quot;}],&quot;background_slideshow_slide_duration&quot;:3000,&quot;background_slideshow_loop&quot;:&quot;yes&quot;,&quot;background_slideshow_slide_transition&quot;:&quot;fade&quot;,&quot;background_slideshow_transition_duration&quot;:500}\">\n\t\t\t\t\t<div class=\"e-con-inner\">\n\t\t\t\t\t<\/div>\n\t\t\t\t<\/div>\n\t\t<div class=\"elementor-element elementor-element-4185eaf e-flex e-con-boxed e-con e-parent\" data-id=\"4185eaf\" data-element_type=\"container\">\n\t\t\t\t\t<div class=\"e-con-inner\">\n\t\t\t\t<div class=\"elementor-element elementor-element-9642db2 elementor-widget elementor-widget-heading\" data-id=\"9642db2\" data-element_type=\"widget\" data-widget_type=\"heading.default\">\n\t\t\t\t\t<h1 class=\"elementor-heading-title elementor-size-default\">Azienda Agricola Cesaretti<\/h1>\t\t\t\t<\/div>\n\t\t\t\t<div class=\"elementor-element elementor-element-acb677d elementor-widget elementor-widget-heading\" data-id=\"acb677d\" data-element_type=\"widget\" data-widget_type=\"heading.default\">\n\t\t\t\t\t<h2 class=\"elementor-heading-title elementor-size-default\">Tradition et huile d\u2019excellence sur les collines de Lucques<\/h2>\t\t\t\t<\/div>\n\t\t\t\t<div class=\"elementor-element elementor-element-02ea333 elementor-widget elementor-widget-text-editor\" data-id=\"02ea333\" data-element_type=\"widget\" data-widget_type=\"text-editor.default\">\n\t\t\t\t\t\t\t\t\t<p>Tradition et huile d\u2019excellence sur les collines de Lucques<br data-start=\"655\" data-end=\"658\">Aujourd\u2019hui, la tradition se poursuit avec une production certifi\u00e9e IGP et un engagement constant en faveur de la qualit\u00e9 et de la durabilit\u00e9.<\/p>\t\t\t\t\t\t\t\t<\/div>\n\t\t\t\t\t<\/div>\n\t\t\t\t<\/div>\n\t\t<div class=\"elementor-element elementor-element-15bb4e6 e-flex e-con-boxed e-con e-parent\" data-id=\"15bb4e6\" data-element_type=\"container\">\n\t\t\t\t\t<div class=\"e-con-inner\">\n\t\t<div class=\"elementor-element elementor-element-5d2bd6d e-con-full e-flex e-con e-child\" data-id=\"5d2bd6d\" data-element_type=\"container\" data-settings=\"{&quot;background_background&quot;:&quot;classic&quot;}\">\n\t\t\t\t<\/div>\n\t\t<div class=\"elementor-element elementor-element-6688d05 e-con-full e-flex e-con e-child\" data-id=\"6688d05\" data-element_type=\"container\" data-settings=\"{&quot;background_background&quot;:&quot;classic&quot;}\">\n\t\t\t\t<div class=\"elementor-element elementor-element-dbe3ade elementor-widget elementor-widget-heading\" data-id=\"dbe3ade\" data-element_type=\"widget\" data-widget_type=\"heading.default\">\n\t\t\t\t\t<h3 class=\"elementor-heading-title elementor-size-default\">Une histoire enracin\u00e9e dans la terre<\/h3>\t\t\t\t<\/div>\n\t\t\t\t<div class=\"elementor-element elementor-element-b1204da elementor-widget elementor-widget-text-editor\" data-id=\"b1204da\" data-element_type=\"widget\" data-widget_type=\"text-editor.default\">\n\t\t\t\t\t\t\t\t\t<p>Au c\u0153ur des collines de Lucques, l\u2019Azienda Agricola Cesaretti plonge ses racines au XVI\u1d49 si\u00e8cle.<\/p><p>La Villa Cesaretti, construite par la famille Burlamacchi et habit\u00e9e par les Cesaretti depuis le XIX\u1d49 si\u00e8cle, est aujourd\u2019hui le centre d\u2019une exploitation ol\u00e9icole de plus de 34 hectares, dirig\u00e9e directement par Giovanfelice Cesaretti.<\/p>\t\t\t\t\t\t\t\t<\/div>\n\t\t\t\t<div class=\"elementor-element elementor-element-5059ffb elementor-widget elementor-widget-button\" data-id=\"5059ffb\" data-element_type=\"widget\" data-widget_type=\"button.default\">\n\t\t\t\t\t\t\t\t\t\t<a class=\"elementor-button elementor-button-link elementor-size-sm\" href=\"https:\/\/villacesaretti.com\/fr\/qui-sommes-nous\/\">\n\t\t\t\t\t\t<span class=\"elementor-button-content-wrapper\">\n\t\t\t\t\t\t\t\t\t<span class=\"elementor-button-text\">En savoir plus<\/span>\n\t\t\t\t\t<\/span>\n\t\t\t\t\t<\/a>\n\t\t\t\t\t\t\t\t<\/div>\n\t\t\t\t<\/div>\n\t\t\t\t\t<\/div>\n\t\t\t\t<\/div>\n\t\t<div class=\"elementor-element elementor-element-83a2672 e-flex e-con-boxed e-con e-parent\" data-id=\"83a2672\" data-element_type=\"container\">\n\t\t\t\t\t<div class=\"e-con-inner\">\n\t\t<div class=\"elementor-element elementor-element-29db2bf e-con-full e-flex e-con e-child\" data-id=\"29db2bf\" data-element_type=\"container\" data-settings=\"{&quot;background_background&quot;:&quot;classic&quot;}\">\n\t\t\t\t<div class=\"elementor-element elementor-element-0d7a15b elementor-widget elementor-widget-heading\" data-id=\"0d7a15b\" data-element_type=\"widget\" data-widget_type=\"heading.default\">\n\t\t\t\t\t<h3 class=\"elementor-heading-title elementor-size-default\">L\u2019oliveraie<\/h3>\t\t\t\t<\/div>\n\t\t\t\t<div class=\"elementor-element elementor-element-0a6b805 elementor-widget elementor-widget-text-editor\" data-id=\"0a6b805\" data-element_type=\"widget\" data-widget_type=\"text-editor.default\">\n\t\t\t\t\t\t\t\t\t<p>Plus de 4 000 oliviers, entre arbres centenaires et jeunes plants, s\u2019\u00e9tendent en douceur entre 50 et 100 m\u00e8tres d\u2019altitude.<\/p><p>Les vari\u00e9t\u00e9s cultiv\u00e9es \u2013 Frantoio, Leccino, Maurino et Leccio del Corno \u2013 donnent naissance \u00e0 une huile au profil aromatique \u00e9quilibr\u00e9, fruit\u00e9 et d\u00e9licat.<\/p><p>Chaque ann\u00e9e, gr\u00e2ce \u00e0 une gestion attentive et \u00e0 une r\u00e9colte m\u00e9canis\u00e9e en toute s\u00e9curit\u00e9, la production progresse tant en qualit\u00e9 qu\u2019en quantit\u00e9.<\/p>\t\t\t\t\t\t\t\t<\/div>\n\t\t\t\t<div class=\"elementor-element elementor-element-c29c968 elementor-widget elementor-widget-button\" data-id=\"c29c968\" data-element_type=\"widget\" data-widget_type=\"button.default\">\n\t\t\t\t\t\t\t\t\t\t<a class=\"elementor-button elementor-button-link elementor-size-sm\" href=\"https:\/\/villacesaretti.com\/fr\/oliveraie\/\">\n\t\t\t\t\t\t<span class=\"elementor-button-content-wrapper\">\n\t\t\t\t\t\t\t\t\t<span class=\"elementor-button-text\">En savoir plus<\/span>\n\t\t\t\t\t<\/span>\n\t\t\t\t\t<\/a>\n\t\t\t\t\t\t\t\t<\/div>\n\t\t\t\t<\/div>\n\t\t<div class=\"elementor-element elementor-element-2bbe3dd e-con-full e-flex e-con e-child\" data-id=\"2bbe3dd\" data-element_type=\"container\" data-settings=\"{&quot;background_background&quot;:&quot;classic&quot;}\">\n\t\t\t\t<\/div>\n\t\t\t\t\t<\/div>\n\t\t\t\t<\/div>\n\t\t<div class=\"elementor-element elementor-element-dffd71a e-flex e-con-boxed e-con e-parent\" data-id=\"dffd71a\" data-element_type=\"container\">\n\t\t\t\t\t<div class=\"e-con-inner\">\n\t\t<div class=\"elementor-element elementor-element-938ea6d e-con-full e-flex e-con e-child\" data-id=\"938ea6d\" data-element_type=\"container\" data-settings=\"{&quot;background_background&quot;:&quot;classic&quot;}\">\n\t\t\t\t<\/div>\n\t\t<div class=\"elementor-element elementor-element-c803010 e-con-full e-flex e-con e-child\" data-id=\"c803010\" data-element_type=\"container\" data-settings=\"{&quot;background_background&quot;:&quot;classic&quot;}\">\n\t\t\t\t<div class=\"elementor-element elementor-element-3d162cc elementor-widget elementor-widget-heading\" data-id=\"3d162cc\" data-element_type=\"widget\" data-widget_type=\"heading.default\">\n\t\t\t\t\t<h3 class=\"elementor-heading-title elementor-size-default\">L\u2019huile<\/h3>\t\t\t\t<\/div>\n\t\t\t\t<div class=\"elementor-element elementor-element-de73145 elementor-widget elementor-widget-text-editor\" data-id=\"de73145\" data-element_type=\"widget\" data-widget_type=\"text-editor.default\">\n\t\t\t\t\t\t\t\t\t<p>L\u2019huile d\u2019olive extra vierge Cesaretti est certifi\u00e9e IGP Toscane, issue d\u2019olives r\u00e9colt\u00e9es et moulues le jour m\u00eame afin de garantir une fra\u00eecheur maximale.<\/p><p>Il en r\u00e9sulte un produit authentique, \u00e0 la couleur vert dor\u00e9, avec des notes d\u2019herbe fra\u00eeche et d\u2019amande, parfait pour ceux qui aiment les saveurs authentiques et l\u2019\u00e9l\u00e9gance de la tradition toscane.<\/p>\t\t\t\t\t\t\t\t<\/div>\n\t\t\t\t<div class=\"elementor-element elementor-element-979873a elementor-widget elementor-widget-button\" data-id=\"979873a\" data-element_type=\"widget\" data-widget_type=\"button.default\">\n\t\t\t\t\t\t\t\t\t\t<a class=\"elementor-button elementor-button-link elementor-size-sm\" href=\"https:\/\/villacesaretti.com\/fr\/notre-huile\/\">\n\t\t\t\t\t\t<span class=\"elementor-button-content-wrapper\">\n\t\t\t\t\t\t\t\t\t<span class=\"elementor-button-text\">En savoir plus<\/span>\n\t\t\t\t\t<\/span>\n\t\t\t\t\t<\/a>\n\t\t\t\t\t\t\t\t<\/div>\n\t\t\t\t<\/div>\n\t\t\t\t\t<\/div>\n\t\t\t\t<\/div>\n\t\t<div class=\"elementor-element elementor-element-0c8e15e e-flex e-con-boxed e-con e-parent\" data-id=\"0c8e15e\" data-element_type=\"container\">\n\t\t\t\t\t<div class=\"e-con-inner\">\n\t\t<div class=\"elementor-element elementor-element-84def2a e-con-full e-flex e-con e-child\" data-id=\"84def2a\" data-element_type=\"container\" data-settings=\"{&quot;background_background&quot;:&quot;classic&quot;}\">\n\t\t\t\t<div class=\"elementor-element elementor-element-d1fb4cb elementor-widget elementor-widget-heading\" data-id=\"d1fb4cb\" data-element_type=\"widget\" data-widget_type=\"heading.default\">\n\t\t\t\t\t<h3 class=\"elementor-heading-title elementor-size-default\">Un avenir durable<\/h3>\t\t\t\t<\/div>\n\t\t\t\t<div class=\"elementor-element elementor-element-e8504f7 elementor-widget elementor-widget-text-editor\" data-id=\"e8504f7\" data-element_type=\"widget\" data-widget_type=\"text-editor.default\">\n\t\t\t\t\t\t\t\t\t<p>Avec 15 hectares d\u2019oliveraie et de nouvelles plantations pr\u00e9vues, l\u2019exploitation vise \u00e0 atteindre 5 000 arbres productifs, tout en maintenant une gestion respectueuse de l\u2019environnement et de la s\u00e9curit\u00e9 des travailleurs.<\/p><p>L\u2019eau provient d\u2019une source naturelle interne et est g\u00e9r\u00e9e \u00e0 l\u2019aide de syst\u00e8mes d\u2019irrigation historiques et durables.<\/p>\t\t\t\t\t\t\t\t<\/div>\n\t\t\t\t<div class=\"elementor-element elementor-element-4bcae9a elementor-widget elementor-widget-button\" data-id=\"4bcae9a\" data-element_type=\"widget\" data-widget_type=\"button.default\">\n\t\t\t\t\t\t\t\t\t\t<a class=\"elementor-button elementor-button-link elementor-size-sm\" href=\"https:\/\/villacesaretti.com\/fr\/durabilite\/\">\n\t\t\t\t\t\t<span class=\"elementor-button-content-wrapper\">\n\t\t\t\t\t\t\t\t\t<span class=\"elementor-button-text\">En savoir plus<\/span>\n\t\t\t\t\t<\/span>\n\t\t\t\t\t<\/a>\n\t\t\t\t\t\t\t\t<\/div>\n\t\t\t\t<\/div>\n\t\t<div class=\"elementor-element elementor-element-823f2b7 e-con-full e-flex e-con e-child\" data-id=\"823f2b7\" data-element_type=\"container\" data-settings=\"{&quot;background_background&quot;:&quot;classic&quot;}\">\n\t\t\t\t<\/div>\n\t\t\t\t\t<\/div>\n\t\t\t\t<\/div>\n\t\t\t\t<\/div>\n\t\t","protected":false},"excerpt":{"rendered":"<p>Azienda Agricola Cesaretti Tradition et huile d\u2019excellence sur les collines de Lucques Tradition et huile d\u2019excellence sur les collines de LucquesAujourd\u2019hui, la tradition se poursuit avec une production certifi\u00e9e IGP et un engagement constant en faveur de la qualit\u00e9 et de la durabilit\u00e9. Une histoire enracin\u00e9e dans la terre Au c\u0153ur des collines de Lucques, [&hellip;]<\/p>\n","protected":false},"author":1,"featured_media":0,"parent":0,"menu_order":0,"comment_status":"closed","ping_status":"closed","template":"elementor_header_footer","meta":{"footnotes":""},"class_list":["post-191","page","type-page","status-publish","hentry"],"yoast_head":"<!-- This site is optimized with the Yoast SEO plugin v26.6 - https:\/\/yoast.com\/wordpress\/plugins\/seo\/ -->\n<title>Villa Cesaretti - Azienda Agricola Cesaretti - Huile d\u2019excellence \u00e0 Lucques<\/title>\n<meta name=\"description\" content=\"Depuis plus de quatre si\u00e8cles, la famille Cesaretti cultive avec passion les oliviers qui entourent la Villa Cesaretti dans la zone collin\u00e9enne de Lucques.\" \/>\n<meta name=\"robots\" content=\"index, follow, max-snippet:-1, max-image-preview:large, max-video-preview:-1\" \/>\n<link rel=\"canonical\" href=\"https:\/\/villacesaretti.com\/fr\/\" \/>\n<meta property=\"og:locale\" content=\"fr_FR\" \/>\n<meta property=\"og:type\" content=\"article\" \/>\n<meta property=\"og:title\" content=\"Villa Cesaretti - Azienda Agricola Cesaretti - Huile d\u2019excellence \u00e0 Lucques\" \/>\n<meta property=\"og:description\" content=\"Depuis plus de quatre si\u00e8cles, la famille Cesaretti cultive avec passion les oliviers qui entourent la Villa Cesaretti dans la zone collin\u00e9enne de Lucques.\" \/>\n<meta property=\"og:url\" content=\"https:\/\/villacesaretti.com\/fr\/\" \/>\n<meta property=\"og:site_name\" content=\"Azienda Agricola Cesaretti\" \/>\n<meta property=\"article:modified_time\" content=\"2025-12-23T10:40:28+00:00\" \/>\n<meta name=\"twitter:card\" content=\"summary_large_image\" \/>\n<meta name=\"twitter:label1\" content=\"Dur\u00e9e de lecture estim\u00e9e\" \/>\n\t<meta name=\"twitter:data1\" content=\"2 minutes\" \/>\n<script type=\"application\/ld+json\" class=\"yoast-schema-graph\">{\"@context\":\"https:\/\/schema.org\",\"@graph\":[{\"@type\":\"WebPage\",\"@id\":\"https:\/\/villacesaretti.com\/fr\/\",\"url\":\"https:\/\/villacesaretti.com\/fr\/\",\"name\":\"Villa Cesaretti - Azienda Agricola Cesaretti - Huile d\u2019excellence \u00e0 Lucques\",\"isPartOf\":{\"@id\":\"https:\/\/villacesaretti.com\/fr\/#website\"},\"datePublished\":\"2025-11-05T15:32:36+00:00\",\"dateModified\":\"2025-12-23T10:40:28+00:00\",\"description\":\"Depuis plus de quatre si\u00e8cles, la famille Cesaretti cultive avec passion les oliviers qui entourent la Villa Cesaretti dans la zone collin\u00e9enne de Lucques.\",\"breadcrumb\":{\"@id\":\"https:\/\/villacesaretti.com\/fr\/#breadcrumb\"},\"inLanguage\":\"fr-FR\",\"potentialAction\":[{\"@type\":\"ReadAction\",\"target\":[\"https:\/\/villacesaretti.com\/fr\/\"]}]},{\"@type\":\"BreadcrumbList\",\"@id\":\"https:\/\/villacesaretti.com\/fr\/#breadcrumb\",\"itemListElement\":[{\"@type\":\"ListItem\",\"position\":1,\"name\":\"Home\",\"item\":\"https:\/\/villacesaretti.com\/fr\/villa-cesaretti\/\"},{\"@type\":\"ListItem\",\"position\":2,\"name\":\"Villa Cesaretti\"}]},{\"@type\":\"WebSite\",\"@id\":\"https:\/\/villacesaretti.com\/fr\/#website\",\"url\":\"https:\/\/villacesaretti.com\/fr\/\",\"name\":\"Azienda Agricola Cesaretti\",\"description\":\"Tradizione e Olio di Eccellenza a Lucca\",\"publisher\":{\"@id\":\"https:\/\/villacesaretti.com\/fr\/#organization\"},\"potentialAction\":[{\"@type\":\"SearchAction\",\"target\":{\"@type\":\"EntryPoint\",\"urlTemplate\":\"https:\/\/villacesaretti.com\/fr\/?s={search_term_string}\"},\"query-input\":{\"@type\":\"PropertyValueSpecification\",\"valueRequired\":true,\"valueName\":\"search_term_string\"}}],\"inLanguage\":\"fr-FR\"},{\"@type\":\"Organization\",\"@id\":\"https:\/\/villacesaretti.com\/fr\/#organization\",\"name\":\"Azienda Agricola Cesaretti\",\"url\":\"https:\/\/villacesaretti.com\/fr\/\",\"logo\":{\"@type\":\"ImageObject\",\"inLanguage\":\"fr-FR\",\"@id\":\"https:\/\/villacesaretti.com\/fr\/#\/schema\/logo\/image\/\",\"url\":\"https:\/\/villacesaretti.com\/wp-content\/uploads\/2025\/11\/logo-cesaretti.png\",\"contentUrl\":\"https:\/\/villacesaretti.com\/wp-content\/uploads\/2025\/11\/logo-cesaretti.png\",\"width\":820,\"height\":154,\"caption\":\"Azienda Agricola Cesaretti\"},\"image\":{\"@id\":\"https:\/\/villacesaretti.com\/fr\/#\/schema\/logo\/image\/\"}}]}<\/script>\n<!-- \/ Yoast SEO plugin. -->","yoast_head_json":{"title":"Villa Cesaretti - Azienda Agricola Cesaretti - Huile d\u2019excellence \u00e0 Lucques","description":"Depuis plus de quatre si\u00e8cles, la famille Cesaretti cultive avec passion les oliviers qui entourent la Villa Cesaretti dans la zone collin\u00e9enne de Lucques.","robots":{"index":"index","follow":"follow","max-snippet":"max-snippet:-1","max-image-preview":"max-image-preview:large","max-video-preview":"max-video-preview:-1"},"canonical":"https:\/\/villacesaretti.com\/fr\/","og_locale":"fr_FR","og_type":"article","og_title":"Villa Cesaretti - Azienda Agricola Cesaretti - Huile d\u2019excellence \u00e0 Lucques","og_description":"Depuis plus de quatre si\u00e8cles, la famille Cesaretti cultive avec passion les oliviers qui entourent la Villa Cesaretti dans la zone collin\u00e9enne de Lucques.","og_url":"https:\/\/villacesaretti.com\/fr\/","og_site_name":"Azienda Agricola Cesaretti","article_modified_time":"2025-12-23T10:40:28+00:00","twitter_card":"summary_large_image","twitter_misc":{"Dur\u00e9e de lecture estim\u00e9e":"2 minutes"},"schema":{"@context":"https:\/\/schema.org","@graph":[{"@type":"WebPage","@id":"https:\/\/villacesaretti.com\/fr\/","url":"https:\/\/villacesaretti.com\/fr\/","name":"Villa Cesaretti - Azienda Agricola Cesaretti - Huile d\u2019excellence \u00e0 Lucques","isPartOf":{"@id":"https:\/\/villacesaretti.com\/fr\/#website"},"datePublished":"2025-11-05T15:32:36+00:00","dateModified":"2025-12-23T10:40:28+00:00","description":"Depuis plus de quatre si\u00e8cles, la famille Cesaretti cultive avec passion les oliviers qui entourent la Villa Cesaretti dans la zone collin\u00e9enne de Lucques.","breadcrumb":{"@id":"https:\/\/villacesaretti.com\/fr\/#breadcrumb"},"inLanguage":"fr-FR","potentialAction":[{"@type":"ReadAction","target":["https:\/\/villacesaretti.com\/fr\/"]}]},{"@type":"BreadcrumbList","@id":"https:\/\/villacesaretti.com\/fr\/#breadcrumb","itemListElement":[{"@type":"ListItem","position":1,"name":"Home","item":"https:\/\/villacesaretti.com\/fr\/villa-cesaretti\/"},{"@type":"ListItem","position":2,"name":"Villa Cesaretti"}]},{"@type":"WebSite","@id":"https:\/\/villacesaretti.com\/fr\/#website","url":"https:\/\/villacesaretti.com\/fr\/","name":"Azienda Agricola Cesaretti","description":"Tradizione e Olio di Eccellenza a Lucca","publisher":{"@id":"https:\/\/villacesaretti.com\/fr\/#organization"},"potentialAction":[{"@type":"SearchAction","target":{"@type":"EntryPoint","urlTemplate":"https:\/\/villacesaretti.com\/fr\/?s={search_term_string}"},"query-input":{"@type":"PropertyValueSpecification","valueRequired":true,"valueName":"search_term_string"}}],"inLanguage":"fr-FR"},{"@type":"Organization","@id":"https:\/\/villacesaretti.com\/fr\/#organization","name":"Azienda Agricola Cesaretti","url":"https:\/\/villacesaretti.com\/fr\/","logo":{"@type":"ImageObject","inLanguage":"fr-FR","@id":"https:\/\/villacesaretti.com\/fr\/#\/schema\/logo\/image\/","url":"https:\/\/villacesaretti.com\/wp-content\/uploads\/2025\/11\/logo-cesaretti.png","contentUrl":"https:\/\/villacesaretti.com\/wp-content\/uploads\/2025\/11\/logo-cesaretti.png","width":820,"height":154,"caption":"Azienda Agricola Cesaretti"},"image":{"@id":"https:\/\/villacesaretti.com\/fr\/#\/schema\/logo\/image\/"}}]}},"_hostinger_reach_plugin_has_subscription_block":false,"_hostinger_reach_plugin_is_elementor":false,"_links":{"self":[{"href":"https:\/\/villacesaretti.com\/fr\/wp-json\/wp\/v2\/pages\/191","targetHints":{"allow":["GET"]}}],"collection":[{"href":"https:\/\/villacesaretti.com\/fr\/wp-json\/wp\/v2\/pages"}],"about":[{"href":"https:\/\/villacesaretti.com\/fr\/wp-json\/wp\/v2\/types\/page"}],"author":[{"embeddable":true,"href":"https:\/\/villacesaretti.com\/fr\/wp-json\/wp\/v2\/users\/1"}],"replies":[{"embeddable":true,"href":"https:\/\/villacesaretti.com\/fr\/wp-json\/wp\/v2\/comments?post=191"}],"version-history":[{"count":1,"href":"https:\/\/villacesaretti.com\/fr\/wp-json\/wp\/v2\/pages\/191\/revisions"}],"predecessor-version":[{"id":193,"href":"https:\/\/villacesaretti.com\/fr\/wp-json\/wp\/v2\/pages\/191\/revisions\/193"}],"wp:attachment":[{"href":"https:\/\/villacesaretti.com\/fr\/wp-json\/wp\/v2\/media?parent=191"}],"curies":[{"name":"wp","href":"https:\/\/api.w.org\/{rel}","templated":true}]}}